{"id":729,"date":"2020-05-22T22:33:05","date_gmt":"2020-05-22T22:33:05","guid":{"rendered":"https:\/\/www.narterlaw.com\/is-hukuku\/"},"modified":"2023-12-06T22:37:43","modified_gmt":"2023-12-06T19:37:43","slug":"labor","status":"publish","type":"page","link":"https:\/\/www.narterlaw.com\/en\/labor\/","title":{"rendered":"Labor"},"content":{"rendered":"<div class=\"fusion-fullwidth fullwidth-box fusion-builder-row-1 nonhundred-percent-fullwidth non-hundred-percent-height-scrolling fusion-equal-height-columns\" style=\"background-color: rgba(255,255,255,0);background-position: center center;background-repeat: no-repeat;padding-top:0px;padding-right:0px;padding-bottom:0px;padding-left:0px;margin-bottom: 0px;margin-top: 0px;border-width: 0px 0px 0px 0px;border-color:#eae9e9;border-style:solid;\" ><div class=\"fusion-builder-row fusion-row\"><div class=\"fusion-layout-column fusion_builder_column fusion-builder-column-0 fusion_builder_column_1_1 1_1 fusion-one-full fusion-column-first fusion-column-last\" style=\"margin-top:0px;margin-bottom:20px;\"><div class=\"fusion-column-wrapper fusion-flex-column-wrapper-legacy\" style=\"background-position:left top;background-repeat:no-repeat;-webkit-background-size:cover;-moz-background-size:cover;-o-background-size:cover;background-size:cover;padding: 0px 0px 0px 0px;\"><div class=\"fusion-text fusion-text-1\"><p><span style=\"font-weight: 400;\">Within the scope of labor law, consultancy is provided on the arrangement of relations between employees and employers, preparation of individual and collective bargaining agreements, termination of employment contracts, and resolution of disputes that may arise between employers and employees. We attend arbitration meetings regarding the lawsuits to be filed against our clients and we closely monitor the litigation processes. In addition, we provide services for non-Turkish citizens to obtain work permits and residence permits.<\/span><\/p>\n<\/div><div class=\"fusion-tabs fusion-tabs-1 classic horizontal-tabs icon-position-left\"><style type=\"text\/css\">.fusion-tabs.fusion-tabs-1 .nav-tabs li a.tab-link{border-top-color:#ebeaea;background-color:#ebeaea;}.fusion-tabs.fusion-tabs-1 .nav-tabs{background-color:#ffffff;}.fusion-tabs.fusion-tabs-1 .nav-tabs li.active a.tab-link,.fusion-tabs.fusion-tabs-1 .nav-tabs li.active a.tab-link:hover,.fusion-tabs.fusion-tabs-1 .nav-tabs li.active a.tab-link:focus{border-right-color:#ffffff;}.fusion-tabs.fusion-tabs-1 .nav-tabs li.active a.tab-link,.fusion-tabs.fusion-tabs-1 .nav-tabs li.active a.tab-link:hover,.fusion-tabs.fusion-tabs-1 .nav-tabs li.active a.tab-link:focus{background-color:#ffffff;}.fusion-tabs.fusion-tabs-1 .nav-tabs li a:hover{background-color:#ffffff;border-top-color:#ffffff;}.fusion-tabs.fusion-tabs-1 .tab-pane{background-color:#ffffff;}.fusion-tabs.fusion-tabs-1 .nav,.fusion-tabs.fusion-tabs-1 .nav-tabs,.fusion-tabs.fusion-tabs-1 .tab-content .tab-pane{border-color:#ebeaea;}<\/style><div class=\"nav\"><ul class=\"nav-tabs nav-justified\" role=\"tablist\"><li class=\"active\"><a class=\"tab-link\" data-toggle=\"tab\" role=\"tab\" aria-controls=\"tab-34f3b4084ca5e39fcfd\" aria-selected=\"true\" id=\"fusion-tab-laborlawinformationnotes\" href=\"#tab-34f3b4084ca5e39fcfd\"><h4 class=\"fusion-tab-heading\">Labor Law Information Notes<\/h4><\/a><\/li><\/ul><\/div><div class=\"tab-content\"><div class=\"nav fusion-mobile-tab-nav\"><ul class=\"nav-tabs nav-justified\"><li class=\"active\"><a class=\"tab-link\" data-toggle=\"tab\" role=\"tab\" aria-controls=\"tab-34f3b4084ca5e39fcfd\" aria-selected=\"true\" id=\"mobile-fusion-tab-laborlawinformationnotes\" href=\"#tab-34f3b4084ca5e39fcfd\"><h4 class=\"fusion-tab-heading\">Labor Law Information Notes<\/h4><\/a><\/li><\/ul><\/div><div class=\"tab-pane fade fusion-clearfix in active\" role=\"tabpanel\" tabindex=\"0\" aria-labelledby=\"fusion-tab-laborlawinformationnotes\" id=\"tab-34f3b4084ca5e39fcfd\">\n<div class=\"fusion-blog-shortcode fusion-blog-shortcode-1 fusion-blog-archive fusion-blog-layout-medium fusion-blog-infinite\"><div class=\"fusion-posts-container fusion-posts-container-infinite fusion-no-meta-info\" data-pages=\"2\"><article id=\"blog-1-post-3358\" class=\"fusion-post-medium post-3358 post type-post status-publish format-standard hentry\">\n\t<style type=\"text\/css\">\n\t\t\n\t\t\n\t\t\n\t\t\n\t\t\t<\/style>\n\n\n<div class=\"fusion-post-content post-content\"><h2 class=\"blog-shortcode-post-title entry-title\"><a href=\"https:\/\/www.narterlaw.com\/en\/us-dei-policy-private-companies-impact\/\">The United States&#8217; DEI Policy and Its Impact on Private Companies<\/a><\/h2><\/div><div class=\"fusion-clearfix\"><\/div><\/article>\n<article id=\"blog-1-post-3227\" class=\"fusion-post-medium post-3227 post type-post status-publish format-standard hentry category-commercial-and-corporate-law category-environmental-law\">\n\t<style type=\"text\/css\">\n\t\t\n\t\t\n\t\t\n\t\t\n\t\t\t<\/style>\n\n\n<div class=\"fusion-post-content post-content\"><h2 class=\"blog-shortcode-post-title entry-title\"><a href=\"https:\/\/www.narterlaw.com\/en\/artificial-intelligence-and-law-ethical-and-regulatory-framework\/\">Artificial Intelligence and Law: Ethical and Regulatory Framework<\/a><\/h2><\/div><div class=\"fusion-clearfix\"><\/div><\/article>\n<article id=\"blog-1-post-3086\" class=\"fusion-post-medium post-3086 post type-post status-publish format-standard hentry category-commercial-and-corporate-law category-environmental-law\">\n\t<style type=\"text\/css\">\n\t\t\n\t\t\n\t\t\n\t\t\n\t\t\t<\/style>\n\n\n<div class=\"fusion-post-content post-content\"><h2 class=\"blog-shortcode-post-title entry-title\"><a href=\"https:\/\/www.narterlaw.com\/en\/eu-critical-raw-materials-act\/\">EU Critical Raw Materials Act<\/a><\/h2><\/div><div class=\"fusion-clearfix\"><\/div><\/article>\n<article id=\"blog-1-post-3082\" class=\"fusion-post-medium post-3082 post type-post status-publish format-standard hentry\">\n\t<style type=\"text\/css\">\n\t\t\n\t\t\n\t\t\n\t\t\n\t\t\t<\/style>\n\n\n<div class=\"fusion-post-content post-content\"><h2 class=\"blog-shortcode-post-title entry-title\"><a href=\"https:\/\/www.narterlaw.com\/en\/eu-forced-labour-regulation\/\">EU Forced Labour Regulation<\/a><\/h2><\/div><div class=\"fusion-clearfix\"><\/div><\/article>\n<article id=\"blog-1-post-3008\" class=\"fusion-post-medium post-3008 post type-post status-publish format-standard hentry\">\n\t<style type=\"text\/css\">\n\t\t\n\t\t\n\t\t\n\t\t\n\t\t\t<\/style>\n\n\n<div class=\"fusion-post-content post-content\"><h2 class=\"blog-shortcode-post-title entry-title\"><a href=\"https:\/\/www.narterlaw.com\/en\/european-union-forced-labour-regulation\/\">European Union Forced Labour Regulation<\/a><\/h2><\/div><div class=\"fusion-clearfix\"><\/div><\/article>\n<article id=\"blog-1-post-813\" class=\"fusion-post-medium post-813 post type-post status-publish format-standard has-post-thumbnail hentry\">\n\t<style type=\"text\/css\">\n\t\t\n\t\t\n\t\t\n\t\t\n\t\t\t<\/style>\n\n\n\t\t\t<div class=\"fusion-flexslider flexslider fusion-flexslider-loading fusion-post-slideshow\" style=\"\">\n\t\t<ul class=\"slides\">\n\t\t\t\n\t\t\t\t\t\t\t\t\t\t\t\t\t\t<li>\n\n<div  class=\"fusion-image-wrapper fusion-image-size-fixed\" aria-haspopup=\"true\">\n\t\n\t\n\t\t\t\n\t\t\t\t<a href=\"https:\/\/www.narterlaw.com\/en\/yeni-koronavirus-covid-19-salgininin-ekonomik-ve-sosyal-hayata-etkilerinin-azaltilmasi-hakkinda-kanun-ile-bazi-kanunlarda-degisiklik-yapilmasina-dair-kanunun-7244-sayili\/\" aria-label=\"Yeni Koronavir\u00fcs (COVID-19) Salg\u0131n\u0131n\u0131n Ekonomik Ve Sosyal Hayata Etkilerinin Azalt\u0131lmas\u0131 Hakk\u0131nda Kanun \u0130le Baz\u0131 Kanunlarda De\u011fi\u015fiklik Yap\u0131lmas\u0131na Dair Kanun\u2019un (\u2018\u20197244 Say\u0131l\u0131 Kanun\u2019\u2019) \u0130\u015f Hukukuna Etkileri\">\n\t\t\n\t\t\n\t\t\t\t\t<img decoding=\"async\" width=\"320\" height=\"202\" src=\"https:\/\/www.narterlaw.com\/wp-content\/uploads\/2020\/04\/bilginot_370-320x202.png\" class=\"attachment-blog-medium size-blog-medium lazyload wp-post-image\" alt=\"\" srcset=\"data:image\/svg+xml,%3Csvg%20xmlns%3D%27http%3A%2F%2Fwww.w3.org%2F2000%2Fsvg%27%20width%3D%271023%27%20height%3D%27518%27%20viewBox%3D%270%200%201023%20518%27%3E%3Crect%20width%3D%271023%27%20height%3D%27518%27%20fill-opacity%3D%220%22%2F%3E%3C%2Fsvg%3E\" data-orig-src=\"https:\/\/www.narterlaw.com\/wp-content\/uploads\/2020\/04\/bilginot_370-320x202.png\" data-srcset=\"https:\/\/www.narterlaw.com\/wp-content\/uploads\/2020\/04\/bilginot_370-320x202.png 320w, https:\/\/www.narterlaw.com\/wp-content\/uploads\/2020\/04\/bilginot_370-700x441.png 700w\" data-sizes=\"auto\" \/>\n\t\n\n\n\t\t\t\t<\/a>\n\t\t\n\t\n<\/div>\n<\/li>\n\t\t\t\n\t\t\t\n\t\t\t\t\t\t\t\t\t\t\t\t\t\t\t\t\t\t\t\t\t\t\t\t\t\t\t\t\t\t\t\t\t\t\t\t\t\t\t\t\t\t\t\t\t\t\t\t\t\t\t\t\t\t\t\t\t\t\t\t\t\t\t\t\t\t\t\t<\/ul>\n\t<\/div>\n\t<div class=\"fusion-post-content post-content\"><h2 class=\"blog-shortcode-post-title entry-title\"><a href=\"https:\/\/www.narterlaw.com\/en\/yeni-koronavirus-covid-19-salgininin-ekonomik-ve-sosyal-hayata-etkilerinin-azaltilmasi-hakkinda-kanun-ile-bazi-kanunlarda-degisiklik-yapilmasina-dair-kanunun-7244-sayili\/\">Yeni Koronavir\u00fcs (COVID-19) Salg\u0131n\u0131n\u0131n Ekonomik Ve Sosyal Hayata Etkilerinin Azalt\u0131lmas\u0131 Hakk\u0131nda Kanun \u0130le Baz\u0131 Kanunlarda De\u011fi\u015fiklik Yap\u0131lmas\u0131na Dair Kanun\u2019un (\u2018\u20197244 Say\u0131l\u0131 Kanun\u2019\u2019) \u0130\u015f Hukukuna Etkileri<\/a><\/h2><\/div><div class=\"fusion-clearfix\"><\/div><\/article>\n<article id=\"blog-1-post-817\" class=\"fusion-post-medium post-817 post type-post status-publish format-standard has-post-thumbnail hentry category-labor-law\">\n\t<style type=\"text\/css\">\n\t\t\n\t\t\n\t\t\n\t\t\n\t\t\t<\/style>\n\n\n\t\t\t<div class=\"fusion-flexslider flexslider fusion-flexslider-loading fusion-post-slideshow\" style=\"\">\n\t\t<ul class=\"slides\">\n\t\t\t\n\t\t\t\t\t\t\t\t\t\t\t\t\t\t<li>\n\n<div  class=\"fusion-image-wrapper fusion-image-size-fixed\" aria-haspopup=\"true\">\n\t\n\t\n\t\t\t\n\t\t\t\t<a href=\"https:\/\/www.narterlaw.com\/en\/is-hukukuna-iliskin-guncel-degerlendirmeler\/\" aria-label=\"\u0130\u015f Hukukuna \u0130li\u015fkin G\u00fcncel De\u011ferlendirmeler\">\n\t\t\n\t\t\n\t\t\t\t\t<img decoding=\"async\" width=\"320\" height=\"202\" src=\"https:\/\/www.narterlaw.com\/wp-content\/uploads\/2020\/04\/bilginot_392-320x202.png\" class=\"attachment-blog-medium size-blog-medium lazyload wp-post-image\" alt=\"\" srcset=\"data:image\/svg+xml,%3Csvg%20xmlns%3D%27http%3A%2F%2Fwww.w3.org%2F2000%2Fsvg%27%20width%3D%271023%27%20height%3D%27518%27%20viewBox%3D%270%200%201023%20518%27%3E%3Crect%20width%3D%271023%27%20height%3D%27518%27%20fill-opacity%3D%220%22%2F%3E%3C%2Fsvg%3E\" data-orig-src=\"https:\/\/www.narterlaw.com\/wp-content\/uploads\/2020\/04\/bilginot_392-320x202.png\" data-srcset=\"https:\/\/www.narterlaw.com\/wp-content\/uploads\/2020\/04\/bilginot_392-320x202.png 320w, https:\/\/www.narterlaw.com\/wp-content\/uploads\/2020\/04\/bilginot_392-700x441.png 700w\" data-sizes=\"auto\" \/>\n\t\n\n\n\t\t\t\t<\/a>\n\t\t\n\t\n<\/div>\n<\/li>\n\t\t\t\n\t\t\t\n\t\t\t\t\t\t\t\t\t\t\t\t\t\t\t\t\t\t\t\t\t\t\t\t\t\t\t\t\t\t\t\t\t\t\t\t\t\t\t\t\t\t\t\t\t\t\t\t\t\t\t\t\t\t\t\t\t\t\t\t\t\t\t\t\t\t\t\t<\/ul>\n\t<\/div>\n\t<div class=\"fusion-post-content post-content\"><h2 class=\"blog-shortcode-post-title entry-title\"><a href=\"https:\/\/www.narterlaw.com\/en\/is-hukukuna-iliskin-guncel-degerlendirmeler\/\">\u0130\u015f Hukukuna \u0130li\u015fkin G\u00fcncel De\u011ferlendirmeler<\/a><\/h2><\/div><div class=\"fusion-clearfix\"><\/div><\/article>\n<article id=\"blog-1-post-819\" class=\"fusion-post-medium post-819 post type-post status-publish format-standard has-post-thumbnail hentry\">\n\t<style type=\"text\/css\">\n\t\t\n\t\t\n\t\t\n\t\t\n\t\t\t<\/style>\n\n\n\t\t\t<div class=\"fusion-flexslider flexslider fusion-flexslider-loading fusion-post-slideshow\" style=\"\">\n\t\t<ul class=\"slides\">\n\t\t\t\n\t\t\t\t\t\t\t\t\t\t\t\t\t\t<li>\n\n<div  class=\"fusion-image-wrapper fusion-image-size-fixed\" aria-haspopup=\"true\">\n\t\n\t\n\t\t\t\n\t\t\t\t<a href=\"https:\/\/www.narterlaw.com\/en\/sokaga-cikma-yasagi-neticesinde-20-yas-alti-ile-65-yas-ustu-calisanlarin-is-sozlesmelerinin-akibetinin-degerlendirilmesi\/\" aria-label=\"Soka\u011fa \u00c7\u0131kma Yasa\u011f\u0131 Neticesinde 20 Ya\u015f Alt\u0131 ile 65 Ya\u015f \u00dcst\u00fc \u00c7al\u0131\u015fanlar\u0131n \u0130\u015f S\u00f6zle\u015fmelerinin Ak\u0131betinin De\u011ferlendirilmesi\">\n\t\t\n\t\t\n\t\t\t\t\t<img decoding=\"async\" width=\"320\" height=\"202\" src=\"https:\/\/www.narterlaw.com\/wp-content\/uploads\/2020\/04\/bilginot_421-320x202.png\" class=\"attachment-blog-medium size-blog-medium lazyload wp-post-image\" alt=\"\" srcset=\"data:image\/svg+xml,%3Csvg%20xmlns%3D%27http%3A%2F%2Fwww.w3.org%2F2000%2Fsvg%27%20width%3D%271023%27%20height%3D%27518%27%20viewBox%3D%270%200%201023%20518%27%3E%3Crect%20width%3D%271023%27%20height%3D%27518%27%20fill-opacity%3D%220%22%2F%3E%3C%2Fsvg%3E\" data-orig-src=\"https:\/\/www.narterlaw.com\/wp-content\/uploads\/2020\/04\/bilginot_421-320x202.png\" data-srcset=\"https:\/\/www.narterlaw.com\/wp-content\/uploads\/2020\/04\/bilginot_421-320x202.png 320w, https:\/\/www.narterlaw.com\/wp-content\/uploads\/2020\/04\/bilginot_421-700x441.png 700w\" data-sizes=\"auto\" \/>\n\t\n\n\n\t\t\t\t<\/a>\n\t\t\n\t\n<\/div>\n<\/li>\n\t\t\t\n\t\t\t\n\t\t\t\t\t\t\t\t\t\t\t\t\t\t\t\t\t\t\t\t\t\t\t\t\t\t\t\t\t\t\t\t\t\t\t\t\t\t\t\t\t\t\t\t\t\t\t\t\t\t\t\t\t\t\t\t\t\t\t\t\t\t\t\t\t\t\t\t<\/ul>\n\t<\/div>\n\t<div class=\"fusion-post-content post-content\"><h2 class=\"blog-shortcode-post-title entry-title\"><a href=\"https:\/\/www.narterlaw.com\/en\/sokaga-cikma-yasagi-neticesinde-20-yas-alti-ile-65-yas-ustu-calisanlarin-is-sozlesmelerinin-akibetinin-degerlendirilmesi\/\">Soka\u011fa \u00c7\u0131kma Yasa\u011f\u0131 Neticesinde 20 Ya\u015f Alt\u0131 ile 65 Ya\u015f \u00dcst\u00fc \u00c7al\u0131\u015fanlar\u0131n \u0130\u015f S\u00f6zle\u015fmelerinin Ak\u0131betinin De\u011ferlendirilmesi<\/a><\/h2><\/div><div class=\"fusion-clearfix\"><\/div><\/article>\n<article id=\"blog-1-post-823\" class=\"fusion-post-medium post-823 post type-post status-publish format-standard has-post-thumbnail hentry\">\n\t<style type=\"text\/css\">\n\t\t\n\t\t\n\t\t\n\t\t\n\t\t\t<\/style>\n\n\n\t\t\t<div class=\"fusion-flexslider flexslider fusion-flexslider-loading fusion-post-slideshow\" style=\"\">\n\t\t<ul class=\"slides\">\n\t\t\t\n\t\t\t\t\t\t\t\t\t\t\t\t\t\t<li>\n\n<div  class=\"fusion-image-wrapper fusion-image-size-fixed\" aria-haspopup=\"true\">\n\t\n\t\n\t\t\t\n\t\t\t\t<a href=\"https:\/\/www.narterlaw.com\/en\/koronavirus-salgini-nedeniyle-sigorta-primlerinin-ertelenmesine-iliskin-bilgilendirme-notu\/\" aria-label=\"Koronavir\u00fcs Salg\u0131n\u0131 Nedeniyle Sigorta Primlerinin Ertelenmesine \u0130li\u015fkin Bilgilendirme Notu\">\n\t\t\n\t\t\n\t\t\t\t\t<img decoding=\"async\" width=\"320\" height=\"202\" src=\"https:\/\/www.narterlaw.com\/wp-content\/uploads\/2020\/04\/bilginot_409-320x202.png\" class=\"attachment-blog-medium size-blog-medium lazyload wp-post-image\" alt=\"\" srcset=\"data:image\/svg+xml,%3Csvg%20xmlns%3D%27http%3A%2F%2Fwww.w3.org%2F2000%2Fsvg%27%20width%3D%271023%27%20height%3D%27518%27%20viewBox%3D%270%200%201023%20518%27%3E%3Crect%20width%3D%271023%27%20height%3D%27518%27%20fill-opacity%3D%220%22%2F%3E%3C%2Fsvg%3E\" data-orig-src=\"https:\/\/www.narterlaw.com\/wp-content\/uploads\/2020\/04\/bilginot_409-320x202.png\" data-srcset=\"https:\/\/www.narterlaw.com\/wp-content\/uploads\/2020\/04\/bilginot_409-320x202.png 320w, https:\/\/www.narterlaw.com\/wp-content\/uploads\/2020\/04\/bilginot_409-700x441.png 700w\" data-sizes=\"auto\" \/>\n\t\n\n\n\t\t\t\t<\/a>\n\t\t\n\t\n<\/div>\n<\/li>\n\t\t\t\n\t\t\t\n\t\t\t\t\t\t\t\t\t\t\t\t\t\t\t\t\t\t\t\t\t\t\t\t\t\t\t\t\t\t\t\t\t\t\t\t\t\t\t\t\t\t\t\t\t\t\t\t\t\t\t\t\t\t\t\t\t\t\t\t\t\t\t\t\t\t\t\t<\/ul>\n\t<\/div>\n\t<div class=\"fusion-post-content post-content\"><h2 class=\"blog-shortcode-post-title entry-title\"><a href=\"https:\/\/www.narterlaw.com\/en\/koronavirus-salgini-nedeniyle-sigorta-primlerinin-ertelenmesine-iliskin-bilgilendirme-notu\/\">Koronavir\u00fcs Salg\u0131n\u0131 Nedeniyle Sigorta Primlerinin Ertelenmesine \u0130li\u015fkin Bilgilendirme Notu<\/a><\/h2><\/div><div class=\"fusion-clearfix\"><\/div><\/article>\n<article id=\"blog-1-post-825\" class=\"fusion-post-medium post-825 post type-post status-publish format-standard has-post-thumbnail hentry category-dispute-resolutions\">\n\t<style type=\"text\/css\">\n\t\t\n\t\t\n\t\t\n\t\t\n\t\t\t<\/style>\n\n\n\t\t\t<div class=\"fusion-flexslider flexslider fusion-flexslider-loading fusion-post-slideshow\" style=\"\">\n\t\t<ul class=\"slides\">\n\t\t\t\n\t\t\t\t\t\t\t\t\t\t\t\t\t\t<li>\n\n<div  class=\"fusion-image-wrapper fusion-image-size-fixed\" aria-haspopup=\"true\">\n\t\n\t\n\t\t\t\n\t\t\t\t<a href=\"https:\/\/www.narterlaw.com\/en\/26-mart-2020-tarihinde-31080-mukerrer-sayili-resmi-gazetede-yayimlanan-7226-sayili-bazi-kanunlarda-degisiklik-yapilmasina-dair-kanun-7226-sayili-kanun\/\" aria-label=\"26 Mart 2020 tarihinde 31080 (M\u00fckerrer) say\u0131l\u0131 Resmi Gazete\u2019de yay\u0131mlanan 7226 Say\u0131l\u0131 Baz\u0131 Kanunlarda De\u011fi\u015fiklik Yap\u0131lmas\u0131na Dair Kanun (\u2018\u20197226 Say\u0131l\u0131 Kanun\u2019\u2019) \u0130le Getirilen D\u00fczenlemeler\">\n\t\t\n\t\t\n\t\t\t\t\t<img decoding=\"async\" width=\"320\" height=\"202\" src=\"https:\/\/www.narterlaw.com\/wp-content\/uploads\/2020\/03\/bilginot_359-320x202.png\" class=\"attachment-blog-medium size-blog-medium lazyload wp-post-image\" alt=\"\" srcset=\"data:image\/svg+xml,%3Csvg%20xmlns%3D%27http%3A%2F%2Fwww.w3.org%2F2000%2Fsvg%27%20width%3D%271023%27%20height%3D%27518%27%20viewBox%3D%270%200%201023%20518%27%3E%3Crect%20width%3D%271023%27%20height%3D%27518%27%20fill-opacity%3D%220%22%2F%3E%3C%2Fsvg%3E\" data-orig-src=\"https:\/\/www.narterlaw.com\/wp-content\/uploads\/2020\/03\/bilginot_359-320x202.png\" data-srcset=\"https:\/\/www.narterlaw.com\/wp-content\/uploads\/2020\/03\/bilginot_359-320x202.png 320w, https:\/\/www.narterlaw.com\/wp-content\/uploads\/2020\/03\/bilginot_359-700x441.png 700w\" data-sizes=\"auto\" \/>\n\t\n\n\n\t\t\t\t<\/a>\n\t\t\n\t\n<\/div>\n<\/li>\n\t\t\t\n\t\t\t\n\t\t\t\t\t\t\t\t\t\t\t\t\t\t\t\t\t\t\t\t\t\t\t\t\t\t\t\t\t\t\t\t\t\t\t\t\t\t\t\t\t\t\t\t\t\t\t\t\t\t\t\t\t\t\t\t\t\t\t\t\t\t\t\t\t\t\t\t<\/ul>\n\t<\/div>\n\t<div class=\"fusion-post-content post-content\"><h2 class=\"blog-shortcode-post-title entry-title\"><a href=\"https:\/\/www.narterlaw.com\/en\/26-mart-2020-tarihinde-31080-mukerrer-sayili-resmi-gazetede-yayimlanan-7226-sayili-bazi-kanunlarda-degisiklik-yapilmasina-dair-kanun-7226-sayili-kanun\/\">26 Mart 2020 tarihinde 31080 (M\u00fckerrer) say\u0131l\u0131 Resmi Gazete\u2019de yay\u0131mlanan 7226 Say\u0131l\u0131 Baz\u0131 Kanunlarda De\u011fi\u015fiklik Yap\u0131lmas\u0131na Dair Kanun (\u2018\u20197226 Say\u0131l\u0131 Kanun\u2019\u2019) \u0130le Getirilen D\u00fczenlemeler<\/a><\/h2><\/div><div class=\"fusion-clearfix\"><\/div><\/article>\n<\/div><div class=\"fusion-infinite-scroll-trigger\"><\/div><div class=\"pagination infinite-scroll clearfix\" style=\"display:none;\"><span class=\"current\">1<\/span><a href=\"https:\/\/www.narterlaw.com\/en\/wp-json\/wp\/v2\/pages\/729\/page\/2\/\" class=\"inactive\">2<\/a><a class=\"pagination-next\" rel=\"next\" href=\"https:\/\/www.narterlaw.com\/en\/wp-json\/wp\/v2\/pages\/729\/page\/2\/\"><span class=\"page-text\">Next<\/span><span class=\"page-next\"><\/span><\/a><\/div><div class=\"fusion-clearfix\"><\/div><\/div>\n<\/div><\/div><\/div><div class=\"fusion-clearfix\"><\/div><\/div><\/div><\/div><\/div>\n","protected":false},"excerpt":{"rendered":"","protected":false},"author":1,"featured_media":0,"parent":0,"menu_order":0,"comment_status":"closed","ping_status":"closed","template":"side-navigation.php","meta":{"footnotes":""},"class_list":["post-729","page","type-page","status-publish","hentry"],"yoast_head":"<!-- This site is optimized with the Yoast SEO plugin v25.4 - https:\/\/yoast.com\/wordpress\/plugins\/seo\/ -->\n<title>Labor | Narter &amp; Partners<\/title>\n<meta name=\"robots\" content=\"index, follow, max-snippet:-1, max-image-preview:large, max-video-preview:-1\" \/>\n<link rel=\"canonical\" href=\"https:\/\/www.narterlaw.com\/en\/labor\/\" \/>\n<meta property=\"og:locale\" content=\"en_US\" \/>\n<meta property=\"og:type\" content=\"article\" \/>\n<meta property=\"og:title\" content=\"Labor | Narter &amp; Partners\" \/>\n<meta property=\"og:url\" content=\"https:\/\/www.narterlaw.com\/en\/labor\/\" \/>\n<meta property=\"og:site_name\" content=\"Narter &amp; Partners\" \/>\n<meta property=\"article:modified_time\" content=\"2023-12-06T19:37:43+00:00\" \/>\n<meta name=\"twitter:card\" content=\"summary_large_image\" \/>\n<meta name=\"twitter:label1\" content=\"Est. reading time\" \/>\n\t<meta name=\"twitter:data1\" content=\"2 minutes\" \/>\n<script type=\"application\/ld+json\" class=\"yoast-schema-graph\">{\"@context\":\"https:\/\/schema.org\",\"@graph\":[{\"@type\":\"WebPage\",\"@id\":\"https:\/\/www.narterlaw.com\/en\/labor\/\",\"url\":\"https:\/\/www.narterlaw.com\/en\/labor\/\",\"name\":\"Labor | Narter &amp; Partners\",\"isPartOf\":{\"@id\":\"https:\/\/www.narterlaw.com\/#website\"},\"datePublished\":\"2020-05-22T22:33:05+00:00\",\"dateModified\":\"2023-12-06T19:37:43+00:00\",\"breadcrumb\":{\"@id\":\"https:\/\/www.narterlaw.com\/en\/labor\/#breadcrumb\"},\"inLanguage\":\"en-US\",\"potentialAction\":[{\"@type\":\"ReadAction\",\"target\":[\"https:\/\/www.narterlaw.com\/en\/labor\/\"]}]},{\"@type\":\"BreadcrumbList\",\"@id\":\"https:\/\/www.narterlaw.com\/en\/labor\/#breadcrumb\",\"itemListElement\":[{\"@type\":\"ListItem\",\"position\":1,\"name\":\"Anasayfa\",\"item\":\"https:\/\/www.narterlaw.com\/en\/\"},{\"@type\":\"ListItem\",\"position\":2,\"name\":\"Labor\"}]},{\"@type\":\"WebSite\",\"@id\":\"https:\/\/www.narterlaw.com\/#website\",\"url\":\"https:\/\/www.narterlaw.com\/\",\"name\":\"Narter &amp; Partners\",\"description\":\"Narter &amp; Partners\",\"publisher\":{\"@id\":\"https:\/\/www.narterlaw.com\/#organization\"},\"potentialAction\":[{\"@type\":\"SearchAction\",\"target\":{\"@type\":\"EntryPoint\",\"urlTemplate\":\"https:\/\/www.narterlaw.com\/?s={search_term_string}\"},\"query-input\":{\"@type\":\"PropertyValueSpecification\",\"valueRequired\":true,\"valueName\":\"search_term_string\"}}],\"inLanguage\":\"en-US\"},{\"@type\":\"Organization\",\"@id\":\"https:\/\/www.narterlaw.com\/#organization\",\"name\":\"narterlaw\",\"url\":\"https:\/\/www.narterlaw.com\/\",\"logo\":{\"@type\":\"ImageObject\",\"inLanguage\":\"en-US\",\"@id\":\"https:\/\/www.narterlaw.com\/#\/schema\/logo\/image\/\",\"url\":\"https:\/\/www.narterlaw.com\/wp-content\/uploads\/2020\/05\/narterpartners-logo.png\",\"contentUrl\":\"https:\/\/www.narterlaw.com\/wp-content\/uploads\/2020\/05\/narterpartners-logo.png\",\"width\":132,\"height\":50,\"caption\":\"narterlaw\"},\"image\":{\"@id\":\"https:\/\/www.narterlaw.com\/#\/schema\/logo\/image\/\"}}]}<\/script>\n<!-- \/ Yoast SEO plugin. -->","yoast_head_json":{"title":"Labor | Narter &amp; Partners","robots":{"index":"index","follow":"follow","max-snippet":"max-snippet:-1","max-image-preview":"max-image-preview:large","max-video-preview":"max-video-preview:-1"},"canonical":"https:\/\/www.narterlaw.com\/en\/labor\/","og_locale":"en_US","og_type":"article","og_title":"Labor | Narter &amp; Partners","og_url":"https:\/\/www.narterlaw.com\/en\/labor\/","og_site_name":"Narter &amp; Partners","article_modified_time":"2023-12-06T19:37:43+00:00","twitter_card":"summary_large_image","twitter_misc":{"Est. reading time":"2 minutes"},"schema":{"@context":"https:\/\/schema.org","@graph":[{"@type":"WebPage","@id":"https:\/\/www.narterlaw.com\/en\/labor\/","url":"https:\/\/www.narterlaw.com\/en\/labor\/","name":"Labor | Narter &amp; Partners","isPartOf":{"@id":"https:\/\/www.narterlaw.com\/#website"},"datePublished":"2020-05-22T22:33:05+00:00","dateModified":"2023-12-06T19:37:43+00:00","breadcrumb":{"@id":"https:\/\/www.narterlaw.com\/en\/labor\/#breadcrumb"},"inLanguage":"en-US","potentialAction":[{"@type":"ReadAction","target":["https:\/\/www.narterlaw.com\/en\/labor\/"]}]},{"@type":"BreadcrumbList","@id":"https:\/\/www.narterlaw.com\/en\/labor\/#breadcrumb","itemListElement":[{"@type":"ListItem","position":1,"name":"Anasayfa","item":"https:\/\/www.narterlaw.com\/en\/"},{"@type":"ListItem","position":2,"name":"Labor"}]},{"@type":"WebSite","@id":"https:\/\/www.narterlaw.com\/#website","url":"https:\/\/www.narterlaw.com\/","name":"Narter &amp; Partners","description":"Narter &amp; Partners","publisher":{"@id":"https:\/\/www.narterlaw.com\/#organization"},"potentialAction":[{"@type":"SearchAction","target":{"@type":"EntryPoint","urlTemplate":"https:\/\/www.narterlaw.com\/?s={search_term_string}"},"query-input":{"@type":"PropertyValueSpecification","valueRequired":true,"valueName":"search_term_string"}}],"inLanguage":"en-US"},{"@type":"Organization","@id":"https:\/\/www.narterlaw.com\/#organization","name":"narterlaw","url":"https:\/\/www.narterlaw.com\/","logo":{"@type":"ImageObject","inLanguage":"en-US","@id":"https:\/\/www.narterlaw.com\/#\/schema\/logo\/image\/","url":"https:\/\/www.narterlaw.com\/wp-content\/uploads\/2020\/05\/narterpartners-logo.png","contentUrl":"https:\/\/www.narterlaw.com\/wp-content\/uploads\/2020\/05\/narterpartners-logo.png","width":132,"height":50,"caption":"narterlaw"},"image":{"@id":"https:\/\/www.narterlaw.com\/#\/schema\/logo\/image\/"}}]}},"_links":{"self":[{"href":"https:\/\/www.narterlaw.com\/en\/wp-json\/wp\/v2\/pages\/729","targetHints":{"allow":["GET"]}}],"collection":[{"href":"https:\/\/www.narterlaw.com\/en\/wp-json\/wp\/v2\/pages"}],"about":[{"href":"https:\/\/www.narterlaw.com\/en\/wp-json\/wp\/v2\/types\/page"}],"author":[{"embeddable":true,"href":"https:\/\/www.narterlaw.com\/en\/wp-json\/wp\/v2\/users\/1"}],"replies":[{"embeddable":true,"href":"https:\/\/www.narterlaw.com\/en\/wp-json\/wp\/v2\/comments?post=729"}],"version-history":[{"count":3,"href":"https:\/\/www.narterlaw.com\/en\/wp-json\/wp\/v2\/pages\/729\/revisions"}],"predecessor-version":[{"id":2833,"href":"https:\/\/www.narterlaw.com\/en\/wp-json\/wp\/v2\/pages\/729\/revisions\/2833"}],"wp:attachment":[{"href":"https:\/\/www.narterlaw.com\/en\/wp-json\/wp\/v2\/media?parent=729"}],"curies":[{"name":"wp","href":"https:\/\/api.w.org\/{rel}","templated":true}]}}