{"id":713,"date":"2020-05-27T21:12:26","date_gmt":"2020-05-27T18:12:26","guid":{"rendered":"https:\/\/www.narterlaw.com\/e-bulten-aydinlatma-metni\/"},"modified":"2020-08-23T23:21:26","modified_gmt":"2020-08-23T20:21:26","slug":"e-bulten-aydinlatma-metni","status":"publish","type":"page","link":"https:\/\/www.narterlaw.com\/en\/e-bulten-aydinlatma-metni\/","title":{"rendered":"Newsletter Enlightening Text"},"content":{"rendered":"<div class=\"fusion-fullwidth fullwidth-box fusion-builder-row-1 nonhundred-percent-fullwidth non-hundred-percent-height-scrolling\" style=\"background-color: rgba(255,255,255,0);background-position: center center;background-repeat: no-repeat;padding-top:0px;padding-right:0px;padding-bottom:0px;padding-left:0px;margin-bottom: 0px;margin-top: 0px;border-width: 0px 0px 0px 0px;border-color:#eae9e9;border-style:solid;\" ><div class=\"fusion-builder-row fusion-row\"><div class=\"fusion-layout-column fusion_builder_column fusion-builder-column-0 fusion_builder_column_1_1 1_1 fusion-one-full fusion-column-first fusion-column-last\" style=\"margin-top:15%;margin-bottom:2%;\"><div class=\"fusion-column-wrapper fusion-flex-column-wrapper-legacy\" style=\"background-position:left top;background-repeat:no-repeat;-webkit-background-size:cover;-moz-background-size:cover;-o-background-size:cover;background-size:cover;padding: 0px 0px 0px 0px;\"><style type=\"text\/css\"><\/style><div class=\"fusion-title title fusion-title-1 fusion-sep-none fusion-title-text fusion-title-size-one\" style=\"margin-top:0px;margin-right:0px;margin-bottom:20px;margin-left:0px;\"><h1 class=\"title-heading-left fusion-responsive-typography-calculated\" style=\"margin:0;--fontSize:30;line-height:1.4;\"><b>Newsletter Enlightening Text<\/b><\/h1><\/div><div class=\"fusion-clearfix\"><\/div><\/div><\/div><div class=\"fusion-layout-column fusion_builder_column fusion-builder-column-1 fusion_builder_column_1_1 1_1 fusion-one-full fusion-column-first fusion-column-last\" style=\"margin-top:0px;margin-bottom:20px;\"><div class=\"fusion-column-wrapper fusion-flex-column-wrapper-legacy\" style=\"background-position:left top;background-repeat:no-repeat;-webkit-background-size:cover;-moz-background-size:cover;-o-background-size:cover;background-size:cover;padding: 0px 0px 0px 0px;\"><div class=\"fusion-text fusion-text-1\"><p><span style=\"font-weight: 400;\">As Narter &amp; Partners established in Turkey, we hereby inform you as data controller that your personal data will be recorded, stored, maintained, organized, disclosed with institutions which are legally authorized to request these personal data, and may be transferred to third persons within and outside the country under the conditions set forth in KVKK, assigned, classified and processed in other formats listed in KVKK:<\/span><\/p>\n<ul>\n<li style=\"font-weight: 400;\"><span style=\"font-weight: 400;\">In accordance with law and good faith,<\/span><\/li>\n<li style=\"font-weight: 400;\"><span style=\"font-weight: 400;\">By maintaining the accuracy and (when necessary) the most recent form of the personal data you disclose,<\/span><\/li>\n<li style=\"font-weight: 400;\"><span style=\"font-weight: 400;\">For clear, open and legal purposes,<\/span><\/li>\n<li style=\"font-weight: 400;\"><span style=\"font-weight: 400;\">In a way that is relevant, limited and restricted to the purpose of benefiting from our services as a candidate.<\/span><\/li>\n<\/ul>\n<p><span style=\"font-weight: 400;\">RELATED TO VISITOR AND 3rd PERSON DATA<\/span><\/p>\n<p><span style=\"font-weight: 400;\">Your personal data that may be processed by us regarding visitors are as follows:<\/span><\/p>\n<p><span style=\"font-weight: 400;\">Contact Information &#8211; e-mail (provided by you.)<\/span><\/p>\n<p><span style=\"font-weight: 400;\">PURPOSE OF PROCESSING VISITOR DATA THE METHOD OF COLLECTING AND LEGAL REASON<\/span><\/p>\n<p><span style=\"font-weight: 400;\">Your personal data are collected by filling the e-newsletter subscription tab on the Narter &amp; Partners website. Your personal data will be processed within the scope of this disclosure text in accordance with the KVKK, and the e-mails to be sent to you will be forwarded upon your explicit consent form.<\/span><\/p>\n<p><span style=\"font-weight: 400;\">SHARING YOUR PERSONAL DATA WITH THIRD PARTIES<\/span><\/p>\n<p><span style=\"font-weight: 400;\">Your data is not shared with third parties.<\/span><\/p>\n<p><span style=\"font-weight: 400;\">YOUR RIGHTS<\/span><\/p>\n<p><span style=\"font-weight: 400;\">Provided that you personally prove your identity to us pursuant to article 11 of KVKK, you have the following rights in relation to your personal data;\u00a0\u00a0<\/span><\/p>\n<ul>\n<li style=\"font-weight: 400;\"><span style=\"font-weight: 400;\">To learn whether our Office processed your personal data, and if processed, to request relevant information,<\/span><\/li>\n<li style=\"font-weight: 400;\"><span style=\"font-weight: 400;\">To learn the processing purpose of your personal data and whether these are used for relevant purposes,<\/span><\/li>\n<li style=\"font-weight: 400;\"><span style=\"font-weight: 400;\">To learn whether your personal data are transferred within or outside the country and to whom these are transferred.<\/span><\/li>\n<\/ul>\n<p><span style=\"font-weight: 400;\">In addition, you have the right to request our Office to correct your inaccurate or deficient personal data and to inform the recipients to whom these data are or might be transferred.<\/span><\/p>\n<p><span style=\"font-weight: 400;\">You may request our Office to dispose (erase, destruct or anonymize) your personal data within the framework of conditions set forth in Article 7 of KVKK. At the same time, you may request our Office to inform third persons to whom these data are or might be transferred about this request for destruction. However, your request for destruction shall be evaluated by our party based on the conditions of the material case in order to decide for suitable method. In this context, you always have the right to request information from us about why we chose this specific method of destruction.<\/span><\/p>\n<p><span style=\"font-weight: 400;\">You have the right to object the results of the personal data analysis created by using an exclusively automatic system, if these results are against your interest.<\/span><\/p>\n<p><span style=\"font-weight: 400;\">You have the right to request for compensation of damage in the event you incur loss due to unlawful processing of your personal data.<\/span><\/p>\n<p><span style=\"font-weight: 400;\">Pursuant to Art. 11 of KVKK, you can forward your requests for implementation of the Law as well as all kinds of requests for information related to processing of your personal data to <\/span><span style=\"font-weight: 400;\">info@narterlaw.com<\/span><span style=\"font-weight: 400;\"> e-mail address via an e-mail address signed by your individual secure electronic signature or mobile signature or in writing to the address 19 May\u0131s Mah. Dr. H\u00fcsn\u00fc \u0130smet \u00d6zt\u00fcrk Sok. No: 3 Elit Residence Kat: 20 D: 48, \u015ei\u015fli\/Istanbul (via notary public or registered letter with return receipt). In addition, if your electronic mail address was previously notified by you to our party and registered in our system, you may also forward your requests in relation to this electronic mail address. Pursuant to provisions of article 5 of Communique on Procedures and Principles Regarding the Applications Made to the Data Controller, your application must include your name and surname, your signature if your application is in writing, your ID number if you are a citizen of Republic of Turkey, your passport number or (if any) identity number if you are foreign, your correspondence address or workplace address, your electronic mail address for correspondence (if any), telephone and fax number, and subject of request.\u00a0<\/span><\/p>\n<p><span style=\"font-weight: 400;\">The applications to be made by you within this context shall be concluded free of charge and as soon as possible, however within 30 days at the latest. However, if the procedure requires an additional cost, a fee might be collected based on the tariff determined by the Committee for Protection of Personal Data.\u00a0<\/span><\/p>\n<p>&nbsp;<\/p>\n<\/div><div class=\"fusion-clearfix\"><\/div><\/div><\/div><\/div><\/div>\n","protected":false},"excerpt":{"rendered":"","protected":false},"author":1,"featured_media":0,"parent":0,"menu_order":0,"comment_status":"closed","ping_status":"closed","template":"100-width.php","meta":{"footnotes":""},"class_list":["post-713","page","type-page","status-publish","hentry"],"yoast_head":"<!-- This site is optimized with the Yoast SEO plugin v25.4 - https:\/\/yoast.com\/wordpress\/plugins\/seo\/ -->\n<title>Newsletter Enlightening Text | Narter &amp; Partners<\/title>\n<meta name=\"robots\" content=\"index, follow, max-snippet:-1, max-image-preview:large, max-video-preview:-1\" \/>\n<link rel=\"canonical\" href=\"https:\/\/www.narterlaw.com\/en\/e-bulten-aydinlatma-metni\/\" \/>\n<meta property=\"og:locale\" content=\"en_US\" \/>\n<meta property=\"og:type\" content=\"article\" \/>\n<meta property=\"og:title\" content=\"Newsletter Enlightening Text | Narter &amp; Partners\" \/>\n<meta property=\"og:url\" content=\"https:\/\/www.narterlaw.com\/en\/e-bulten-aydinlatma-metni\/\" \/>\n<meta property=\"og:site_name\" content=\"Narter &amp; Partners\" \/>\n<meta property=\"article:modified_time\" content=\"2020-08-23T20:21:26+00:00\" \/>\n<meta name=\"twitter:card\" content=\"summary_large_image\" \/>\n<meta name=\"twitter:label1\" content=\"Est. reading time\" \/>\n\t<meta name=\"twitter:data1\" content=\"7 minutes\" \/>\n<script type=\"application\/ld+json\" class=\"yoast-schema-graph\">{\"@context\":\"https:\/\/schema.org\",\"@graph\":[{\"@type\":\"WebPage\",\"@id\":\"https:\/\/www.narterlaw.com\/en\/e-bulten-aydinlatma-metni\/\",\"url\":\"https:\/\/www.narterlaw.com\/en\/e-bulten-aydinlatma-metni\/\",\"name\":\"Newsletter Enlightening Text | Narter &amp; Partners\",\"isPartOf\":{\"@id\":\"https:\/\/www.narterlaw.com\/#website\"},\"datePublished\":\"2020-05-27T18:12:26+00:00\",\"dateModified\":\"2020-08-23T20:21:26+00:00\",\"breadcrumb\":{\"@id\":\"https:\/\/www.narterlaw.com\/en\/e-bulten-aydinlatma-metni\/#breadcrumb\"},\"inLanguage\":\"en-US\",\"potentialAction\":[{\"@type\":\"ReadAction\",\"target\":[\"https:\/\/www.narterlaw.com\/en\/e-bulten-aydinlatma-metni\/\"]}]},{\"@type\":\"BreadcrumbList\",\"@id\":\"https:\/\/www.narterlaw.com\/en\/e-bulten-aydinlatma-metni\/#breadcrumb\",\"itemListElement\":[{\"@type\":\"ListItem\",\"position\":1,\"name\":\"Anasayfa\",\"item\":\"https:\/\/www.narterlaw.com\/en\/\"},{\"@type\":\"ListItem\",\"position\":2,\"name\":\"Newsletter Enlightening Text\"}]},{\"@type\":\"WebSite\",\"@id\":\"https:\/\/www.narterlaw.com\/#website\",\"url\":\"https:\/\/www.narterlaw.com\/\",\"name\":\"Narter &amp; Partners\",\"description\":\"Narter &amp; Partners\",\"publisher\":{\"@id\":\"https:\/\/www.narterlaw.com\/#organization\"},\"potentialAction\":[{\"@type\":\"SearchAction\",\"target\":{\"@type\":\"EntryPoint\",\"urlTemplate\":\"https:\/\/www.narterlaw.com\/?s={search_term_string}\"},\"query-input\":{\"@type\":\"PropertyValueSpecification\",\"valueRequired\":true,\"valueName\":\"search_term_string\"}}],\"inLanguage\":\"en-US\"},{\"@type\":\"Organization\",\"@id\":\"https:\/\/www.narterlaw.com\/#organization\",\"name\":\"narterlaw\",\"url\":\"https:\/\/www.narterlaw.com\/\",\"logo\":{\"@type\":\"ImageObject\",\"inLanguage\":\"en-US\",\"@id\":\"https:\/\/www.narterlaw.com\/#\/schema\/logo\/image\/\",\"url\":\"https:\/\/www.narterlaw.com\/wp-content\/uploads\/2020\/05\/narterpartners-logo.png\",\"contentUrl\":\"https:\/\/www.narterlaw.com\/wp-content\/uploads\/2020\/05\/narterpartners-logo.png\",\"width\":132,\"height\":50,\"caption\":\"narterlaw\"},\"image\":{\"@id\":\"https:\/\/www.narterlaw.com\/#\/schema\/logo\/image\/\"}}]}<\/script>\n<!-- \/ Yoast SEO plugin. -->","yoast_head_json":{"title":"Newsletter Enlightening Text | Narter &amp; Partners","robots":{"index":"index","follow":"follow","max-snippet":"max-snippet:-1","max-image-preview":"max-image-preview:large","max-video-preview":"max-video-preview:-1"},"canonical":"https:\/\/www.narterlaw.com\/en\/e-bulten-aydinlatma-metni\/","og_locale":"en_US","og_type":"article","og_title":"Newsletter Enlightening Text | Narter &amp; Partners","og_url":"https:\/\/www.narterlaw.com\/en\/e-bulten-aydinlatma-metni\/","og_site_name":"Narter &amp; Partners","article_modified_time":"2020-08-23T20:21:26+00:00","twitter_card":"summary_large_image","twitter_misc":{"Est. reading time":"7 minutes"},"schema":{"@context":"https:\/\/schema.org","@graph":[{"@type":"WebPage","@id":"https:\/\/www.narterlaw.com\/en\/e-bulten-aydinlatma-metni\/","url":"https:\/\/www.narterlaw.com\/en\/e-bulten-aydinlatma-metni\/","name":"Newsletter Enlightening Text | Narter &amp; Partners","isPartOf":{"@id":"https:\/\/www.narterlaw.com\/#website"},"datePublished":"2020-05-27T18:12:26+00:00","dateModified":"2020-08-23T20:21:26+00:00","breadcrumb":{"@id":"https:\/\/www.narterlaw.com\/en\/e-bulten-aydinlatma-metni\/#breadcrumb"},"inLanguage":"en-US","potentialAction":[{"@type":"ReadAction","target":["https:\/\/www.narterlaw.com\/en\/e-bulten-aydinlatma-metni\/"]}]},{"@type":"BreadcrumbList","@id":"https:\/\/www.narterlaw.com\/en\/e-bulten-aydinlatma-metni\/#breadcrumb","itemListElement":[{"@type":"ListItem","position":1,"name":"Anasayfa","item":"https:\/\/www.narterlaw.com\/en\/"},{"@type":"ListItem","position":2,"name":"Newsletter Enlightening Text"}]},{"@type":"WebSite","@id":"https:\/\/www.narterlaw.com\/#website","url":"https:\/\/www.narterlaw.com\/","name":"Narter &amp; Partners","description":"Narter &amp; Partners","publisher":{"@id":"https:\/\/www.narterlaw.com\/#organization"},"potentialAction":[{"@type":"SearchAction","target":{"@type":"EntryPoint","urlTemplate":"https:\/\/www.narterlaw.com\/?s={search_term_string}"},"query-input":{"@type":"PropertyValueSpecification","valueRequired":true,"valueName":"search_term_string"}}],"inLanguage":"en-US"},{"@type":"Organization","@id":"https:\/\/www.narterlaw.com\/#organization","name":"narterlaw","url":"https:\/\/www.narterlaw.com\/","logo":{"@type":"ImageObject","inLanguage":"en-US","@id":"https:\/\/www.narterlaw.com\/#\/schema\/logo\/image\/","url":"https:\/\/www.narterlaw.com\/wp-content\/uploads\/2020\/05\/narterpartners-logo.png","contentUrl":"https:\/\/www.narterlaw.com\/wp-content\/uploads\/2020\/05\/narterpartners-logo.png","width":132,"height":50,"caption":"narterlaw"},"image":{"@id":"https:\/\/www.narterlaw.com\/#\/schema\/logo\/image\/"}}]}},"_links":{"self":[{"href":"https:\/\/www.narterlaw.com\/en\/wp-json\/wp\/v2\/pages\/713","targetHints":{"allow":["GET"]}}],"collection":[{"href":"https:\/\/www.narterlaw.com\/en\/wp-json\/wp\/v2\/pages"}],"about":[{"href":"https:\/\/www.narterlaw.com\/en\/wp-json\/wp\/v2\/types\/page"}],"author":[{"embeddable":true,"href":"https:\/\/www.narterlaw.com\/en\/wp-json\/wp\/v2\/users\/1"}],"replies":[{"embeddable":true,"href":"https:\/\/www.narterlaw.com\/en\/wp-json\/wp\/v2\/comments?post=713"}],"version-history":[{"count":0,"href":"https:\/\/www.narterlaw.com\/en\/wp-json\/wp\/v2\/pages\/713\/revisions"}],"wp:attachment":[{"href":"https:\/\/www.narterlaw.com\/en\/wp-json\/wp\/v2\/media?parent=713"}],"curies":[{"name":"wp","href":"https:\/\/api.w.org\/{rel}","templated":true}]}}