{"id":700,"date":"2020-05-28T23:30:28","date_gmt":"2020-05-28T20:30:28","guid":{"rendered":"https:\/\/www.narterlaw.com\/avukat-basvurusu\/"},"modified":"2020-08-23T23:02:23","modified_gmt":"2020-08-23T20:02:23","slug":"avukat-basvurusu","status":"publish","type":"page","link":"https:\/\/www.narterlaw.com\/en\/carreers\/avukat-basvurusu\/","title":{"rendered":"Attorney Application"},"content":{"rendered":"<div class=\"fusion-fullwidth fullwidth-box fusion-builder-row-1 nonhundred-percent-fullwidth non-hundred-percent-height-scrolling\" style=\"background-color: rgba(255,255,255,0);background-position: center center;background-repeat: no-repeat;padding-top:0px;padding-right:0px;padding-bottom:0px;padding-left:0px;margin-bottom: 30px;margin-top: 50px;border-width: 0px 0px 0px 0px;border-color:#eae9e9;border-style:solid;\" ><div class=\"fusion-builder-row fusion-row\"><div class=\"fusion-layout-column fusion_builder_column fusion-builder-column-0 fusion_builder_column_3_5 3_5 fusion-three-fifth fusion-column-first\" style=\"width:60%;width:calc(60% - ( ( 4% ) * 0.6 ) );margin-right: 4%;margin-top:0px;margin-bottom:20px;\"><div class=\"fusion-column-wrapper fusion-flex-column-wrapper-legacy\" style=\"background-position:left top;background-repeat:no-repeat;-webkit-background-size:cover;-moz-background-size:cover;-o-background-size:cover;background-size:cover;padding: 0px 0px 0px 0px;\"><style type=\"text\/css\"><\/style><div class=\"fusion-title title fusion-title-1 fusion-sep-none fusion-title-text fusion-title-size-two\" style=\"margin-top:0px;margin-right:0px;margin-bottom:20px;margin-left:0px;\"><h2 class=\"title-heading-left fusion-responsive-typography-calculated\" style=\"margin:0;--fontSize:35;line-height:1.5;\"><span style=\"font-weight: 400;\">Attorney Application<\/span><\/h2><\/div><div class=\"fusion-sep-clear\"><\/div><div class=\"fusion-separator fusion-clearfix\" style=\"float:left;margin-bottom:40px;width:100%;max-width:30px;\"><div class=\"fusion-separator-border sep-single sep-solid\" style=\"border-color:#fa4515;border-top-width:4px;\"><\/div><\/div><div class=\"fusion-sep-clear\"><\/div><div class=\"fusion-text fusion-text-1\"><p><span style=\"font-weight: 400;\">As Narter &amp; Partners, we accept the applications of lawyers with the following competencies for our growing team.<\/span><\/p>\n<ul>\n<li style=\"font-weight: 400;\"><span style=\"font-weight: 400;\">Good academic success<\/span><\/li>\n<li style=\"font-weight: 400;\"><span style=\"font-weight: 400;\">Advanced knowledge of written and spoken English<\/span><\/li>\n<li style=\"font-weight: 400;\"><span style=\"font-weight: 400;\">Ability to work in different branches of law and responsibilities<\/span><\/li>\n<li style=\"font-weight: 400;\"><span style=\"font-weight: 400;\">Having values of honesty, honesty and benevolence<\/span><\/li>\n<li style=\"font-weight: 400;\"><span style=\"font-weight: 400;\">Responsible<\/span><\/li>\n<li style=\"font-weight: 400;\"><span style=\"font-weight: 400;\">Having a good basic legal knowledge<\/span><\/li>\n<li style=\"font-weight: 400;\"><span style=\"font-weight: 400;\">Hardworking and caring for his job<\/span><\/li>\n<\/ul>\n<\/div><div class=\"fusion-clearfix\"><\/div><\/div><\/div><div class=\"fusion-layout-column fusion_builder_column fusion-builder-column-1 fusion_builder_column_2_5 2_5 fusion-two-fifth fusion-column-last\" style=\"width:40%;width:calc(40% - ( ( 4% ) * 0.4 ) );margin-top:0px;margin-bottom:20px;\"><div class=\"fusion-column-wrapper fusion-flex-column-wrapper-legacy\" style=\"background-position:left top;background-repeat:no-repeat;-webkit-background-size:cover;-moz-background-size:cover;-o-background-size:cover;background-size:cover;padding: 0px 0px 0px 0px;\"><div class=\"fusion-text fusion-text-2\">\n<div class=\"wpcf7 no-js\" id=\"wpcf7-f865-o1\" lang=\"en-US\" dir=\"ltr\" data-wpcf7-id=\"865\">\n<div class=\"screen-reader-response\"><p role=\"status\" aria-live=\"polite\" aria-atomic=\"true\"><\/p> <ul><\/ul><\/div>\n<form action=\"\/en\/wp-json\/wp\/v2\/pages\/700#wpcf7-f865-o1\" method=\"post\" class=\"wpcf7-form init\" aria-label=\"Contact form\" enctype=\"multipart\/form-data\" novalidate=\"novalidate\" data-status=\"init\">\n<fieldset class=\"hidden-fields-container\"><input type=\"hidden\" name=\"_wpcf7\" value=\"865\" \/><input type=\"hidden\" name=\"_wpcf7_version\" value=\"6.1\" \/><input type=\"hidden\" name=\"_wpcf7_locale\" value=\"en_US\" \/><input type=\"hidden\" name=\"_wpcf7_unit_tag\" value=\"wpcf7-f865-o1\" \/><input type=\"hidden\" name=\"_wpcf7_container_post\" value=\"0\" \/><input type=\"hidden\" name=\"_wpcf7_posted_data_hash\" value=\"\" \/>\n<\/fieldset>\n<div style=\"width:99%\">\n\t<p><label> Ad Soyad*<br \/>\n<span class=\"wpcf7-form-control-wrap\" data-name=\"AdSoyad\"><input size=\"40\" maxlength=\"400\" class=\"wpcf7-form-control wpcf7-text wpcf7-validates-as-required\" aria-required=\"true\" aria-invalid=\"false\" placeholder=\"Ad Soyad\" value=\"\" type=\"text\" name=\"AdSoyad\" \/><\/span><br \/>\n<\/label>\n\t<\/p>\n\t<p><label> E-Posta*<br \/>\n<span class=\"wpcf7-form-control-wrap\" data-name=\"eposta\"><input size=\"40\" maxlength=\"400\" class=\"wpcf7-form-control wpcf7-email wpcf7-validates-as-required wpcf7-text wpcf7-validates-as-email\" aria-required=\"true\" aria-invalid=\"false\" placeholder=\"mail@adresiniz.com\" value=\"\" type=\"email\" name=\"eposta\" \/><\/span><br \/>\n<\/label>\n\t<\/p>\n\t<p><label> Telefon*<br \/>\n<span class=\"wpcf7-form-control-wrap\" data-name=\"telefon\"><input size=\"40\" maxlength=\"400\" class=\"wpcf7-form-control wpcf7-tel wpcf7-validates-as-required wpcf7-text wpcf7-validates-as-tel\" aria-required=\"true\" aria-invalid=\"false\" placeholder=\"+90 212 259 53 43\" value=\"\" type=\"tel\" name=\"telefon\" \/><\/span><br \/>\n<\/label>\n\t<\/p>\n\t<p><label> \u00d6zge\u00e7mi\u015f Ekle*<br \/>\n<span class=\"wpcf7-form-control-wrap\" data-name=\"cv\"><input size=\"40\" class=\"wpcf7-form-control wpcf7-file wpcf7-validates-as-required\" accept=\".pdf,.doc,.docx\" aria-required=\"true\" aria-invalid=\"false\" type=\"file\" name=\"cv\" \/><\/span><br \/>\n<\/label>\n\t<\/p>\n\t<div style=\"font-size:13px;\">\n\t\t<p><span class=\"wpcf7-form-control-wrap\" data-name=\"acceptance-737\"><span class=\"wpcf7-form-control wpcf7-acceptance\"><span class=\"wpcf7-list-item\"><label><input type=\"checkbox\" name=\"acceptance-737\" value=\"1\" aria-invalid=\"false\" \/><span class=\"wpcf7-list-item-label\"><strong><a href=\"https:\/\/www.narterlaw.com\/calisan-adayi-aydinlatma-metni\/\" target=\"_blank\">Ayd\u0131nlatma metni<\/a><\/strong>ni\u00a0ve <strong><a href=\"https:\/\/www.narterlaw.com\/calisan-adayi-acik-riza-metni\/\" target=\"_blank\">a\u00e7\u0131k r\u0131za metni<\/a><\/strong>ni okudum, kabul ediyorum.<\/span><\/label><\/span><\/span><\/span>\n\t\t<\/p>\n\t<\/div>\n\t<p><input class=\"wpcf7-form-control wpcf7-submit has-spinner\" type=\"submit\" value=\"G\u00d6NDER\" \/>\n\t<\/p>\n<\/div><div class=\"fusion-alert alert custom alert-custom fusion-alert-center wpcf7-response-output fusion-alert-capitalize alert-dismissable\" style=\"border-width:1px;\"><button type=\"button\" class=\"close toggle-alert\" data-dismiss=\"alert\" aria-hidden=\"true\">&times;<\/button><div class=\"fusion-alert-content-wrapper\"><span class=\"fusion-alert-content\"><\/span><\/div><\/div>\n<\/form>\n<\/div>\n\n<\/div><div class=\"fusion-clearfix\"><\/div><\/div><\/div><\/div><\/div>\n","protected":false},"excerpt":{"rendered":"","protected":false},"author":1,"featured_media":0,"parent":703,"menu_order":0,"comment_status":"closed","ping_status":"closed","template":"100-width.php","meta":{"footnotes":""},"class_list":["post-700","page","type-page","status-publish","hentry"],"yoast_head":"<!-- This site is optimized with the Yoast SEO plugin v25.4 - https:\/\/yoast.com\/wordpress\/plugins\/seo\/ -->\n<title>Attorney Application | Narter &amp; Partners<\/title>\n<meta name=\"robots\" content=\"index, follow, max-snippet:-1, max-image-preview:large, max-video-preview:-1\" \/>\n<link rel=\"canonical\" href=\"https:\/\/www.narterlaw.com\/en\/carreers\/avukat-basvurusu\/\" \/>\n<meta property=\"og:locale\" content=\"en_US\" \/>\n<meta property=\"og:type\" content=\"article\" \/>\n<meta property=\"og:title\" content=\"Attorney Application | Narter &amp; Partners\" \/>\n<meta property=\"og:url\" content=\"https:\/\/www.narterlaw.com\/en\/carreers\/avukat-basvurusu\/\" \/>\n<meta property=\"og:site_name\" content=\"Narter &amp; Partners\" \/>\n<meta property=\"article:modified_time\" content=\"2020-08-23T20:02:23+00:00\" \/>\n<meta name=\"twitter:card\" content=\"summary_large_image\" \/>\n<meta name=\"twitter:label1\" content=\"Est. reading time\" \/>\n\t<meta name=\"twitter:data1\" content=\"4 minutes\" \/>\n<script type=\"application\/ld+json\" class=\"yoast-schema-graph\">{\"@context\":\"https:\/\/schema.org\",\"@graph\":[{\"@type\":\"WebPage\",\"@id\":\"https:\/\/www.narterlaw.com\/en\/carreers\/avukat-basvurusu\/\",\"url\":\"https:\/\/www.narterlaw.com\/en\/carreers\/avukat-basvurusu\/\",\"name\":\"Attorney Application | Narter &amp; Partners\",\"isPartOf\":{\"@id\":\"https:\/\/www.narterlaw.com\/#website\"},\"datePublished\":\"2020-05-28T20:30:28+00:00\",\"dateModified\":\"2020-08-23T20:02:23+00:00\",\"breadcrumb\":{\"@id\":\"https:\/\/www.narterlaw.com\/en\/carreers\/avukat-basvurusu\/#breadcrumb\"},\"inLanguage\":\"en-US\",\"potentialAction\":[{\"@type\":\"ReadAction\",\"target\":[\"https:\/\/www.narterlaw.com\/en\/carreers\/avukat-basvurusu\/\"]}]},{\"@type\":\"BreadcrumbList\",\"@id\":\"https:\/\/www.narterlaw.com\/en\/carreers\/avukat-basvurusu\/#breadcrumb\",\"itemListElement\":[{\"@type\":\"ListItem\",\"position\":1,\"name\":\"Anasayfa\",\"item\":\"https:\/\/www.narterlaw.com\/en\/\"},{\"@type\":\"ListItem\",\"position\":2,\"name\":\"CARREERS\",\"item\":\"https:\/\/www.narterlaw.com\/en\/carreers\/\"},{\"@type\":\"ListItem\",\"position\":3,\"name\":\"Attorney Application\"}]},{\"@type\":\"WebSite\",\"@id\":\"https:\/\/www.narterlaw.com\/#website\",\"url\":\"https:\/\/www.narterlaw.com\/\",\"name\":\"Narter &amp; Partners\",\"description\":\"Narter &amp; Partners\",\"publisher\":{\"@id\":\"https:\/\/www.narterlaw.com\/#organization\"},\"potentialAction\":[{\"@type\":\"SearchAction\",\"target\":{\"@type\":\"EntryPoint\",\"urlTemplate\":\"https:\/\/www.narterlaw.com\/?s={search_term_string}\"},\"query-input\":{\"@type\":\"PropertyValueSpecification\",\"valueRequired\":true,\"valueName\":\"search_term_string\"}}],\"inLanguage\":\"en-US\"},{\"@type\":\"Organization\",\"@id\":\"https:\/\/www.narterlaw.com\/#organization\",\"name\":\"narterlaw\",\"url\":\"https:\/\/www.narterlaw.com\/\",\"logo\":{\"@type\":\"ImageObject\",\"inLanguage\":\"en-US\",\"@id\":\"https:\/\/www.narterlaw.com\/#\/schema\/logo\/image\/\",\"url\":\"https:\/\/www.narterlaw.com\/wp-content\/uploads\/2020\/05\/narterpartners-logo.png\",\"contentUrl\":\"https:\/\/www.narterlaw.com\/wp-content\/uploads\/2020\/05\/narterpartners-logo.png\",\"width\":132,\"height\":50,\"caption\":\"narterlaw\"},\"image\":{\"@id\":\"https:\/\/www.narterlaw.com\/#\/schema\/logo\/image\/\"}}]}<\/script>\n<!-- \/ Yoast SEO plugin. -->","yoast_head_json":{"title":"Attorney Application | Narter &amp; Partners","robots":{"index":"index","follow":"follow","max-snippet":"max-snippet:-1","max-image-preview":"max-image-preview:large","max-video-preview":"max-video-preview:-1"},"canonical":"https:\/\/www.narterlaw.com\/en\/carreers\/avukat-basvurusu\/","og_locale":"en_US","og_type":"article","og_title":"Attorney Application | Narter &amp; Partners","og_url":"https:\/\/www.narterlaw.com\/en\/carreers\/avukat-basvurusu\/","og_site_name":"Narter &amp; Partners","article_modified_time":"2020-08-23T20:02:23+00:00","twitter_card":"summary_large_image","twitter_misc":{"Est. reading time":"4 minutes"},"schema":{"@context":"https:\/\/schema.org","@graph":[{"@type":"WebPage","@id":"https:\/\/www.narterlaw.com\/en\/carreers\/avukat-basvurusu\/","url":"https:\/\/www.narterlaw.com\/en\/carreers\/avukat-basvurusu\/","name":"Attorney Application | Narter &amp; Partners","isPartOf":{"@id":"https:\/\/www.narterlaw.com\/#website"},"datePublished":"2020-05-28T20:30:28+00:00","dateModified":"2020-08-23T20:02:23+00:00","breadcrumb":{"@id":"https:\/\/www.narterlaw.com\/en\/carreers\/avukat-basvurusu\/#breadcrumb"},"inLanguage":"en-US","potentialAction":[{"@type":"ReadAction","target":["https:\/\/www.narterlaw.com\/en\/carreers\/avukat-basvurusu\/"]}]},{"@type":"BreadcrumbList","@id":"https:\/\/www.narterlaw.com\/en\/carreers\/avukat-basvurusu\/#breadcrumb","itemListElement":[{"@type":"ListItem","position":1,"name":"Anasayfa","item":"https:\/\/www.narterlaw.com\/en\/"},{"@type":"ListItem","position":2,"name":"CARREERS","item":"https:\/\/www.narterlaw.com\/en\/carreers\/"},{"@type":"ListItem","position":3,"name":"Attorney Application"}]},{"@type":"WebSite","@id":"https:\/\/www.narterlaw.com\/#website","url":"https:\/\/www.narterlaw.com\/","name":"Narter &amp; Partners","description":"Narter &amp; Partners","publisher":{"@id":"https:\/\/www.narterlaw.com\/#organization"},"potentialAction":[{"@type":"SearchAction","target":{"@type":"EntryPoint","urlTemplate":"https:\/\/www.narterlaw.com\/?s={search_term_string}"},"query-input":{"@type":"PropertyValueSpecification","valueRequired":true,"valueName":"search_term_string"}}],"inLanguage":"en-US"},{"@type":"Organization","@id":"https:\/\/www.narterlaw.com\/#organization","name":"narterlaw","url":"https:\/\/www.narterlaw.com\/","logo":{"@type":"ImageObject","inLanguage":"en-US","@id":"https:\/\/www.narterlaw.com\/#\/schema\/logo\/image\/","url":"https:\/\/www.narterlaw.com\/wp-content\/uploads\/2020\/05\/narterpartners-logo.png","contentUrl":"https:\/\/www.narterlaw.com\/wp-content\/uploads\/2020\/05\/narterpartners-logo.png","width":132,"height":50,"caption":"narterlaw"},"image":{"@id":"https:\/\/www.narterlaw.com\/#\/schema\/logo\/image\/"}}]}},"_links":{"self":[{"href":"https:\/\/www.narterlaw.com\/en\/wp-json\/wp\/v2\/pages\/700","targetHints":{"allow":["GET"]}}],"collection":[{"href":"https:\/\/www.narterlaw.com\/en\/wp-json\/wp\/v2\/pages"}],"about":[{"href":"https:\/\/www.narterlaw.com\/en\/wp-json\/wp\/v2\/types\/page"}],"author":[{"embeddable":true,"href":"https:\/\/www.narterlaw.com\/en\/wp-json\/wp\/v2\/users\/1"}],"replies":[{"embeddable":true,"href":"https:\/\/www.narterlaw.com\/en\/wp-json\/wp\/v2\/comments?post=700"}],"version-history":[{"count":0,"href":"https:\/\/www.narterlaw.com\/en\/wp-json\/wp\/v2\/pages\/700\/revisions"}],"up":[{"embeddable":true,"href":"https:\/\/www.narterlaw.com\/en\/wp-json\/wp\/v2\/pages\/703"}],"wp:attachment":[{"href":"https:\/\/www.narterlaw.com\/en\/wp-json\/wp\/v2\/media?parent=700"}],"curies":[{"name":"wp","href":"https:\/\/api.w.org\/{rel}","templated":true}]}}