{"id":2182,"date":"2022-02-24T16:12:17","date_gmt":"2022-02-24T13:12:17","guid":{"rendered":"https:\/\/www.narterlaw.com\/bilisim-hukuku\/"},"modified":"2023-12-06T22:42:46","modified_gmt":"2023-12-06T19:42:46","slug":"it-data-protection","status":"publish","type":"page","link":"https:\/\/www.narterlaw.com\/en\/it-data-protection\/","title":{"rendered":"IT &#038; Data Protection"},"content":{"rendered":"<div class=\"fusion-fullwidth fullwidth-box fusion-builder-row-1 fusion-flex-container nonhundred-percent-fullwidth non-hundred-percent-height-scrolling\" style=\"background-color: rgba(255,255,255,0);background-position: center center;background-repeat: no-repeat;border-width: 0px 0px 0px 0px;border-color:#eae9e9;border-style:solid;\" ><div class=\"fusion-builder-row fusion-row fusion-flex-align-items-flex-start\" style=\"max-width:1185.6px;margin-left: calc(-4% \/ 2 );margin-right: calc(-4% \/ 2 );\"><div class=\"fusion-layout-column fusion_builder_column fusion-builder-column-0 fusion_builder_column_1_1 1_1 fusion-flex-column\"><div class=\"fusion-column-wrapper fusion-flex-justify-content-flex-start fusion-content-layout-column\" style=\"background-position:left top;background-repeat:no-repeat;-webkit-background-size:cover;-moz-background-size:cover;-o-background-size:cover;background-size:cover;padding: 0px 0px 0px 0px;\"><div class=\"fusion-text fusion-text-1\"><p style=\"font-weight: 400;\">Narter &amp; Partners provides legal consultancy services in the field of information technology law to many local and international clients. In this context, as Narter &amp; Partners, we provide legal consultancy services to our clients operating in the field of informatics in compliance with IT law regulations, protection of personal data, and data security.<\/p>\n<p style=\"font-weight: 400;\"><strong>Narter &amp; Partners provides the following services regarding the IT law:<\/strong><\/p>\n<p style=\"font-weight: 400;\">Providing legal consultancy services in the fields of IT Law;<\/p>\n<p style=\"font-weight: 400;\">Providing consultancy services on obtaining permissions in fields of activity that require administrative permission;<\/p>\n<p style=\"font-weight: 400;\">Establishing the necessary systems and providing the required consultancy services in order to carry out the works and transactions related to the collected and stored data in accordance with the law;<\/p>\n<p style=\"font-weight: 400;\">Ensuring processes and regulations in compliance with the Protection of Personal Data Law and relevant legislation,<\/p>\n<p style=\"font-weight: 400;\">Providing services in the processes of blocking access,<\/p>\n<p style=\"font-weight: 400;\">Monitoring of cybercrime processes,<\/p>\n<p style=\"font-weight: 400;\">Following up on the decisions of the Information Technology Institution,<\/p>\n<p style=\"font-weight: 400;\">Providing specific legal solutions in the fields of Information Technologies.<\/p>\n<p style=\"font-weight: 400;\">The protection of personal data has become great important with the entry into force of the Protection of Personal Data Law. Online platforms have increased with the developing technology. Public institutions and private organizations collect, refrain, process and transfer some data on persons. Persons share more data than necessary with such transactions, and this brings a set of dangers such as using such data against them. Therefore, regulations have been set forth in order to protect the data of persons and obligations have been also imposed on data controllers to whom persons share their data. Such obligations particularly concern the information processing and human resources departments of companies. As Narter &amp; Partners, both training and consultancy regarding the compliance process of personal data protection are provided to companies.<\/p>\n<p style=\"font-weight: 400;\"><strong>Narter &amp; Partners provides the following services in the field of the protection of personal data:<\/strong><\/p>\n<ul style=\"font-weight: 400;\">\n<li>Preparation of Data Inventory within the scope of company activities,<\/li>\n<li>Editing Data Controllers\u2019 Registry Information System (VERBIS) registration,<\/li>\n<li>Issuance of compliance reports for departments,<\/li>\n<li>Preparation of the Clarification Texts,<\/li>\n<li>Preparation of documents within the scope of explicit consent obligation,<\/li>\n<li>Preparation of data owner application form draft response text and responding to the applications of data owners,<\/li>\n<li>Preparation of the Personal Data Protection and Processing Policy,<\/li>\n<li>Preparation of Personal Data Retention and Destruction Policy,<\/li>\n<li>Preparation of the Policy for the Protection and Processing of Personal Data in Special Nature,<\/li>\n<li>Preparation of Data Violation Policy,<\/li>\n<li>Preparation of Cookies Policy,<\/li>\n<li>Preparation of the Risk Evaluation,<\/li>\n<li>Preparation of Consent Forms and formation of the consent process,<\/li>\n<li>Preparation of Additional Protocol and Standard Agreement Articles,<\/li>\n<li>Reviewing all current employment agreements in the workplace and making prospective revisions on the same,<\/li>\n<li>Preparation of employee\/personnel consents with regard to personal data,<\/li>\n<li>Reviewing agreements to be concluded by and between third persons and company suppliers regarding personal data,<\/li>\n<li>Preparation of training on Data Protection,<\/li>\n<li>Preparation of Memorandum regarding Data Confidentiality.<\/li>\n<\/ul>\n<\/div><div class=\"fusion-tabs fusion-tabs-1 classic horizontal-tabs icon-position-left\"><style type=\"text\/css\">.fusion-tabs.fusion-tabs-1 .nav-tabs li a.tab-link{border-top-color:#ebeaea;background-color:#ebeaea;}.fusion-tabs.fusion-tabs-1 .nav-tabs{background-color:#ffffff;}.fusion-tabs.fusion-tabs-1 .nav-tabs li.active a.tab-link,.fusion-tabs.fusion-tabs-1 .nav-tabs li.active a.tab-link:hover,.fusion-tabs.fusion-tabs-1 .nav-tabs li.active a.tab-link:focus{border-right-color:#ffffff;}.fusion-tabs.fusion-tabs-1 .nav-tabs li.active a.tab-link,.fusion-tabs.fusion-tabs-1 .nav-tabs li.active a.tab-link:hover,.fusion-tabs.fusion-tabs-1 .nav-tabs li.active a.tab-link:focus{background-color:#ffffff;}.fusion-tabs.fusion-tabs-1 .nav-tabs li a:hover{background-color:#ffffff;border-top-color:#ffffff;}.fusion-tabs.fusion-tabs-1 .tab-pane{background-color:#ffffff;}.fusion-tabs.fusion-tabs-1 .nav,.fusion-tabs.fusion-tabs-1 .nav-tabs,.fusion-tabs.fusion-tabs-1 .tab-content .tab-pane{border-color:#ebeaea;}<\/style><div class=\"nav\"><ul class=\"nav-tabs nav-justified\" role=\"tablist\"><li class=\"active\"><a class=\"tab-link\" data-toggle=\"tab\" role=\"tab\" aria-controls=\"tab-4cd2d440da95b946fde\" aria-selected=\"true\" id=\"fusion-tab-itlawinformationnotes\" href=\"#tab-4cd2d440da95b946fde\"><h4 class=\"fusion-tab-heading\">IT Law Information Notes<\/h4><\/a><\/li><\/ul><\/div><div class=\"tab-content\"><div class=\"nav fusion-mobile-tab-nav\"><ul class=\"nav-tabs nav-justified\"><li class=\"active\"><a class=\"tab-link\" data-toggle=\"tab\" role=\"tab\" aria-controls=\"tab-4cd2d440da95b946fde\" aria-selected=\"true\" id=\"mobile-fusion-tab-itlawinformationnotes\" href=\"#tab-4cd2d440da95b946fde\"><h4 class=\"fusion-tab-heading\">IT Law Information Notes<\/h4><\/a><\/li><\/ul><\/div><div class=\"tab-pane fade fusion-clearfix in active\" role=\"tabpanel\" tabindex=\"0\" aria-labelledby=\"fusion-tab-itlawinformationnotes\" id=\"tab-4cd2d440da95b946fde\">\n\n<\/div><\/div><\/div><\/div><style type=\"text\/css\">.fusion-body .fusion-builder-column-0{width:100% !important;margin-top : 0px;margin-bottom : 20px;}.fusion-builder-column-0 > .fusion-column-wrapper {padding-top : 0px !important;padding-right : 0px !important;margin-right : 1.92%;padding-bottom : 0px !important;padding-left : 0px !important;margin-left : 1.92%;}@media only screen and (max-width:1024px) {.fusion-body .fusion-builder-column-0{width:100% !important;order : 0;}.fusion-builder-column-0 > .fusion-column-wrapper {margin-right : 1.92%;margin-left : 1.92%;}}@media only screen and (max-width:640px) {.fusion-body .fusion-builder-column-0{width:100% !important;order : 0;}.fusion-builder-column-0 > .fusion-column-wrapper {margin-right : 1.92%;margin-left : 1.92%;}}<\/style><\/div><\/div><style type=\"text\/css\">.fusion-body .fusion-flex-container.fusion-builder-row-1{ padding-top : 0px;margin-top : 0px;padding-right : 0px;padding-bottom : 0px;margin-bottom : 0px;padding-left : 0px;}<\/style><\/div>\n","protected":false},"excerpt":{"rendered":"","protected":false},"author":2,"featured_media":0,"parent":0,"menu_order":0,"comment_status":"closed","ping_status":"closed","template":"","meta":{"footnotes":""},"class_list":["post-2182","page","type-page","status-publish","hentry"],"yoast_head":"<!-- This site is optimized with the Yoast SEO plugin v25.4 - https:\/\/yoast.com\/wordpress\/plugins\/seo\/ -->\n<title>IT &amp; Data Protection Dan\u0131\u015fmanl\u0131\u011f\u0131 | Narter &amp; Partners<\/title>\n<meta name=\"robots\" content=\"index, follow, max-snippet:-1, max-image-preview:large, max-video-preview:-1\" \/>\n<link rel=\"canonical\" href=\"https:\/\/www.narterlaw.com\/en\/it-data-protection\/\" \/>\n<meta property=\"og:locale\" content=\"en_US\" \/>\n<meta property=\"og:type\" content=\"article\" \/>\n<meta property=\"og:title\" content=\"IT &amp; Data Protection Dan\u0131\u015fmanl\u0131\u011f\u0131 | Narter &amp; Partners\" \/>\n<meta property=\"og:url\" content=\"https:\/\/www.narterlaw.com\/en\/it-data-protection\/\" \/>\n<meta property=\"og:site_name\" content=\"Narter &amp; Partners\" \/>\n<meta property=\"article:modified_time\" content=\"2023-12-06T19:42:46+00:00\" \/>\n<meta name=\"twitter:card\" content=\"summary_large_image\" \/>\n<meta name=\"twitter:label1\" content=\"Est. reading time\" \/>\n\t<meta name=\"twitter:data1\" content=\"5 minutes\" \/>\n<script type=\"application\/ld+json\" class=\"yoast-schema-graph\">{\"@context\":\"https:\/\/schema.org\",\"@graph\":[{\"@type\":\"WebPage\",\"@id\":\"https:\/\/www.narterlaw.com\/en\/it-data-protection\/\",\"url\":\"https:\/\/www.narterlaw.com\/en\/it-data-protection\/\",\"name\":\"IT & Data Protection Dan\u0131\u015fmanl\u0131\u011f\u0131 | Narter &amp; Partners\",\"isPartOf\":{\"@id\":\"https:\/\/www.narterlaw.com\/#website\"},\"datePublished\":\"2022-02-24T13:12:17+00:00\",\"dateModified\":\"2023-12-06T19:42:46+00:00\",\"breadcrumb\":{\"@id\":\"https:\/\/www.narterlaw.com\/en\/it-data-protection\/#breadcrumb\"},\"inLanguage\":\"en-US\",\"potentialAction\":[{\"@type\":\"ReadAction\",\"target\":[\"https:\/\/www.narterlaw.com\/en\/it-data-protection\/\"]}]},{\"@type\":\"BreadcrumbList\",\"@id\":\"https:\/\/www.narterlaw.com\/en\/it-data-protection\/#breadcrumb\",\"itemListElement\":[{\"@type\":\"ListItem\",\"position\":1,\"name\":\"Anasayfa\",\"item\":\"https:\/\/www.narterlaw.com\/en\/\"},{\"@type\":\"ListItem\",\"position\":2,\"name\":\"IT &#038; Data Protection\"}]},{\"@type\":\"WebSite\",\"@id\":\"https:\/\/www.narterlaw.com\/#website\",\"url\":\"https:\/\/www.narterlaw.com\/\",\"name\":\"Narter &amp; Partners\",\"description\":\"Narter &amp; Partners\",\"publisher\":{\"@id\":\"https:\/\/www.narterlaw.com\/#organization\"},\"potentialAction\":[{\"@type\":\"SearchAction\",\"target\":{\"@type\":\"EntryPoint\",\"urlTemplate\":\"https:\/\/www.narterlaw.com\/?s={search_term_string}\"},\"query-input\":{\"@type\":\"PropertyValueSpecification\",\"valueRequired\":true,\"valueName\":\"search_term_string\"}}],\"inLanguage\":\"en-US\"},{\"@type\":\"Organization\",\"@id\":\"https:\/\/www.narterlaw.com\/#organization\",\"name\":\"narterlaw\",\"url\":\"https:\/\/www.narterlaw.com\/\",\"logo\":{\"@type\":\"ImageObject\",\"inLanguage\":\"en-US\",\"@id\":\"https:\/\/www.narterlaw.com\/#\/schema\/logo\/image\/\",\"url\":\"https:\/\/www.narterlaw.com\/wp-content\/uploads\/2020\/05\/narterpartners-logo.png\",\"contentUrl\":\"https:\/\/www.narterlaw.com\/wp-content\/uploads\/2020\/05\/narterpartners-logo.png\",\"width\":132,\"height\":50,\"caption\":\"narterlaw\"},\"image\":{\"@id\":\"https:\/\/www.narterlaw.com\/#\/schema\/logo\/image\/\"}}]}<\/script>\n<!-- \/ Yoast SEO plugin. -->","yoast_head_json":{"title":"IT & Data Protection Dan\u0131\u015fmanl\u0131\u011f\u0131 | Narter &amp; Partners","robots":{"index":"index","follow":"follow","max-snippet":"max-snippet:-1","max-image-preview":"max-image-preview:large","max-video-preview":"max-video-preview:-1"},"canonical":"https:\/\/www.narterlaw.com\/en\/it-data-protection\/","og_locale":"en_US","og_type":"article","og_title":"IT & Data Protection Dan\u0131\u015fmanl\u0131\u011f\u0131 | Narter &amp; Partners","og_url":"https:\/\/www.narterlaw.com\/en\/it-data-protection\/","og_site_name":"Narter &amp; Partners","article_modified_time":"2023-12-06T19:42:46+00:00","twitter_card":"summary_large_image","twitter_misc":{"Est. reading time":"5 minutes"},"schema":{"@context":"https:\/\/schema.org","@graph":[{"@type":"WebPage","@id":"https:\/\/www.narterlaw.com\/en\/it-data-protection\/","url":"https:\/\/www.narterlaw.com\/en\/it-data-protection\/","name":"IT & Data Protection Dan\u0131\u015fmanl\u0131\u011f\u0131 | Narter &amp; Partners","isPartOf":{"@id":"https:\/\/www.narterlaw.com\/#website"},"datePublished":"2022-02-24T13:12:17+00:00","dateModified":"2023-12-06T19:42:46+00:00","breadcrumb":{"@id":"https:\/\/www.narterlaw.com\/en\/it-data-protection\/#breadcrumb"},"inLanguage":"en-US","potentialAction":[{"@type":"ReadAction","target":["https:\/\/www.narterlaw.com\/en\/it-data-protection\/"]}]},{"@type":"BreadcrumbList","@id":"https:\/\/www.narterlaw.com\/en\/it-data-protection\/#breadcrumb","itemListElement":[{"@type":"ListItem","position":1,"name":"Anasayfa","item":"https:\/\/www.narterlaw.com\/en\/"},{"@type":"ListItem","position":2,"name":"IT &#038; Data Protection"}]},{"@type":"WebSite","@id":"https:\/\/www.narterlaw.com\/#website","url":"https:\/\/www.narterlaw.com\/","name":"Narter &amp; Partners","description":"Narter &amp; Partners","publisher":{"@id":"https:\/\/www.narterlaw.com\/#organization"},"potentialAction":[{"@type":"SearchAction","target":{"@type":"EntryPoint","urlTemplate":"https:\/\/www.narterlaw.com\/?s={search_term_string}"},"query-input":{"@type":"PropertyValueSpecification","valueRequired":true,"valueName":"search_term_string"}}],"inLanguage":"en-US"},{"@type":"Organization","@id":"https:\/\/www.narterlaw.com\/#organization","name":"narterlaw","url":"https:\/\/www.narterlaw.com\/","logo":{"@type":"ImageObject","inLanguage":"en-US","@id":"https:\/\/www.narterlaw.com\/#\/schema\/logo\/image\/","url":"https:\/\/www.narterlaw.com\/wp-content\/uploads\/2020\/05\/narterpartners-logo.png","contentUrl":"https:\/\/www.narterlaw.com\/wp-content\/uploads\/2020\/05\/narterpartners-logo.png","width":132,"height":50,"caption":"narterlaw"},"image":{"@id":"https:\/\/www.narterlaw.com\/#\/schema\/logo\/image\/"}}]}},"_links":{"self":[{"href":"https:\/\/www.narterlaw.com\/en\/wp-json\/wp\/v2\/pages\/2182","targetHints":{"allow":["GET"]}}],"collection":[{"href":"https:\/\/www.narterlaw.com\/en\/wp-json\/wp\/v2\/pages"}],"about":[{"href":"https:\/\/www.narterlaw.com\/en\/wp-json\/wp\/v2\/types\/page"}],"author":[{"embeddable":true,"href":"https:\/\/www.narterlaw.com\/en\/wp-json\/wp\/v2\/users\/2"}],"replies":[{"embeddable":true,"href":"https:\/\/www.narterlaw.com\/en\/wp-json\/wp\/v2\/comments?post=2182"}],"version-history":[{"count":11,"href":"https:\/\/www.narterlaw.com\/en\/wp-json\/wp\/v2\/pages\/2182\/revisions"}],"predecessor-version":[{"id":2839,"href":"https:\/\/www.narterlaw.com\/en\/wp-json\/wp\/v2\/pages\/2182\/revisions\/2839"}],"wp:attachment":[{"href":"https:\/\/www.narterlaw.com\/en\/wp-json\/wp\/v2\/media?parent=2182"}],"curies":[{"name":"wp","href":"https:\/\/api.w.org\/{rel}","templated":true}]}}