{"id":2177,"date":"2022-02-24T16:10:14","date_gmt":"2022-02-24T13:10:14","guid":{"rendered":"https:\/\/www.narterlaw.com\/yesil-finansman\/"},"modified":"2022-09-26T11:33:25","modified_gmt":"2022-09-26T08:33:25","slug":"green-financing","status":"publish","type":"page","link":"https:\/\/www.narterlaw.com\/en\/green-financing\/","title":{"rendered":"Green Financing"},"content":{"rendered":"<div class=\"fusion-fullwidth fullwidth-box fusion-builder-row-1 fusion-flex-container nonhundred-percent-fullwidth non-hundred-percent-height-scrolling\" style=\"background-color: rgba(255,255,255,0);background-position: center center;background-repeat: no-repeat;border-width: 0px 0px 0px 0px;border-color:#eae9e9;border-style:solid;\" ><div class=\"fusion-builder-row fusion-row fusion-flex-align-items-flex-start\" style=\"max-width:1185.6px;margin-left: calc(-4% \/ 2 );margin-right: calc(-4% \/ 2 );\"><div class=\"fusion-layout-column fusion_builder_column fusion-builder-column-0 fusion_builder_column_1_1 1_1 fusion-flex-column\"><div class=\"fusion-column-wrapper fusion-flex-justify-content-flex-start fusion-content-layout-column\" style=\"background-position:left top;background-repeat:no-repeat;-webkit-background-size:cover;-moz-background-size:cover;-o-background-size:cover;background-size:cover;padding: 0px 0px 0px 0px;\"><div class=\"fusion-text fusion-text-1\"><p>The sustainable and green financing market has been rapidly expanding in recent years in order to combat climate change and encourage sustainable development. Many investors and stakeholders in all sectors now use green debt products. Narter &amp; Partner provides consultancy services on issues regarding green bonds, sustainability-related, and a wide variety of investments with regard to climate change, environmental, social, and sustainable development.<br \/>\nNarter &amp; Partners provides the following services regarding the green finance law:<br \/>\n\u2022 Green Bonds<br \/>\n\u2022 Sustainable Bonds<br \/>\n\u2022 Green Bonds<br \/>\n\u2022 Conversion Bonds<br \/>\n\u2022 Social Loans<br \/>\n\u2022 Social Loans<br \/>\n\u2022 Sustainable-related Loans<br \/>\n\u2022 Environmental, Social, and Corporate Governance (ESG)-related Loans<\/p>\n<\/div><div class=\"fusion-tabs fusion-tabs-1 classic horizontal-tabs icon-position-left\"><style type=\"text\/css\">.fusion-tabs.fusion-tabs-1 .nav-tabs li a.tab-link{border-top-color:#ebeaea;background-color:#ebeaea;}.fusion-tabs.fusion-tabs-1 .nav-tabs{background-color:#ffffff;}.fusion-tabs.fusion-tabs-1 .nav-tabs li.active a.tab-link,.fusion-tabs.fusion-tabs-1 .nav-tabs li.active a.tab-link:hover,.fusion-tabs.fusion-tabs-1 .nav-tabs li.active a.tab-link:focus{border-right-color:#ffffff;}.fusion-tabs.fusion-tabs-1 .nav-tabs li.active a.tab-link,.fusion-tabs.fusion-tabs-1 .nav-tabs li.active a.tab-link:hover,.fusion-tabs.fusion-tabs-1 .nav-tabs li.active a.tab-link:focus{background-color:#ffffff;}.fusion-tabs.fusion-tabs-1 .nav-tabs li a:hover{background-color:#ffffff;border-top-color:#ffffff;}.fusion-tabs.fusion-tabs-1 .tab-pane{background-color:#ffffff;}.fusion-tabs.fusion-tabs-1 .nav,.fusion-tabs.fusion-tabs-1 .nav-tabs,.fusion-tabs.fusion-tabs-1 .tab-content .tab-pane{border-color:#ebeaea;}<\/style><div class=\"nav\"><ul class=\"nav-tabs nav-justified\" role=\"tablist\"><li class=\"active\"><a class=\"tab-link\" data-toggle=\"tab\" role=\"tab\" aria-controls=\"tab-7b215c7cebe946593f5\" aria-selected=\"true\" id=\"fusion-tab-greenfinancinginformationnotes\" href=\"#tab-7b215c7cebe946593f5\"><h4 class=\"fusion-tab-heading\">Green Financing Information Notes<\/h4><\/a><\/li><\/ul><\/div><div class=\"tab-content\"><div class=\"nav fusion-mobile-tab-nav\"><ul class=\"nav-tabs nav-justified\"><li class=\"active\"><a class=\"tab-link\" data-toggle=\"tab\" role=\"tab\" aria-controls=\"tab-7b215c7cebe946593f5\" aria-selected=\"true\" id=\"mobile-fusion-tab-greenfinancinginformationnotes\" href=\"#tab-7b215c7cebe946593f5\"><h4 class=\"fusion-tab-heading\">Green Financing Information Notes<\/h4><\/a><\/li><\/ul><\/div><div class=\"tab-pane fade fusion-clearfix in active\" role=\"tabpanel\" tabindex=\"0\" aria-labelledby=\"fusion-tab-greenfinancinginformationnotes\" id=\"tab-7b215c7cebe946593f5\">\n\n<\/div><\/div><\/div><\/div><style type=\"text\/css\">.fusion-body .fusion-builder-column-0{width:100% !important;margin-top : 0px;margin-bottom : 20px;}.fusion-builder-column-0 > .fusion-column-wrapper {padding-top : 0px !important;padding-right : 0px !important;margin-right : 1.92%;padding-bottom : 0px !important;padding-left : 0px !important;margin-left : 1.92%;}@media only screen and (max-width:1024px) {.fusion-body .fusion-builder-column-0{width:100% !important;order : 0;}.fusion-builder-column-0 > .fusion-column-wrapper {margin-right : 1.92%;margin-left : 1.92%;}}@media only screen and (max-width:640px) {.fusion-body .fusion-builder-column-0{width:100% !important;order : 0;}.fusion-builder-column-0 > .fusion-column-wrapper {margin-right : 1.92%;margin-left : 1.92%;}}<\/style><\/div><\/div><style type=\"text\/css\">.fusion-body .fusion-flex-container.fusion-builder-row-1{ padding-top : 0px;margin-top : 0px;padding-right : 0px;padding-bottom : 0px;margin-bottom : 0px;padding-left : 0px;}<\/style><\/div>\n","protected":false},"excerpt":{"rendered":"","protected":false},"author":2,"featured_media":0,"parent":0,"menu_order":0,"comment_status":"closed","ping_status":"closed","template":"","meta":{"footnotes":""},"class_list":["post-2177","page","type-page","status-publish","hentry"],"yoast_head":"<!-- This site is optimized with the Yoast SEO plugin v25.4 - https:\/\/yoast.com\/wordpress\/plugins\/seo\/ -->\n<title>Green Financing Hukuk Dan\u0131\u015fmanl\u0131\u011f\u0131 | Narter &amp; Partners<\/title>\n<meta name=\"robots\" content=\"index, follow, max-snippet:-1, max-image-preview:large, max-video-preview:-1\" \/>\n<link rel=\"canonical\" href=\"https:\/\/www.narterlaw.com\/en\/green-financing\/\" \/>\n<meta property=\"og:locale\" content=\"en_US\" \/>\n<meta property=\"og:type\" content=\"article\" \/>\n<meta property=\"og:title\" content=\"Green Financing Hukuk Dan\u0131\u015fmanl\u0131\u011f\u0131 | Narter &amp; Partners\" \/>\n<meta property=\"og:url\" content=\"https:\/\/www.narterlaw.com\/en\/green-financing\/\" \/>\n<meta property=\"og:site_name\" content=\"Narter &amp; Partners\" \/>\n<meta property=\"article:modified_time\" content=\"2022-09-26T08:33:25+00:00\" \/>\n<meta name=\"twitter:card\" content=\"summary_large_image\" \/>\n<meta name=\"twitter:label1\" content=\"Est. reading time\" \/>\n\t<meta name=\"twitter:data1\" content=\"4 minutes\" \/>\n<script type=\"application\/ld+json\" class=\"yoast-schema-graph\">{\"@context\":\"https:\/\/schema.org\",\"@graph\":[{\"@type\":\"WebPage\",\"@id\":\"https:\/\/www.narterlaw.com\/en\/green-financing\/\",\"url\":\"https:\/\/www.narterlaw.com\/en\/green-financing\/\",\"name\":\"Green Financing Hukuk Dan\u0131\u015fmanl\u0131\u011f\u0131 | Narter &amp; Partners\",\"isPartOf\":{\"@id\":\"https:\/\/www.narterlaw.com\/#website\"},\"datePublished\":\"2022-02-24T13:10:14+00:00\",\"dateModified\":\"2022-09-26T08:33:25+00:00\",\"breadcrumb\":{\"@id\":\"https:\/\/www.narterlaw.com\/en\/green-financing\/#breadcrumb\"},\"inLanguage\":\"en-US\",\"potentialAction\":[{\"@type\":\"ReadAction\",\"target\":[\"https:\/\/www.narterlaw.com\/en\/green-financing\/\"]}]},{\"@type\":\"BreadcrumbList\",\"@id\":\"https:\/\/www.narterlaw.com\/en\/green-financing\/#breadcrumb\",\"itemListElement\":[{\"@type\":\"ListItem\",\"position\":1,\"name\":\"Anasayfa\",\"item\":\"https:\/\/www.narterlaw.com\/en\/\"},{\"@type\":\"ListItem\",\"position\":2,\"name\":\"Green Financing\"}]},{\"@type\":\"WebSite\",\"@id\":\"https:\/\/www.narterlaw.com\/#website\",\"url\":\"https:\/\/www.narterlaw.com\/\",\"name\":\"Narter &amp; Partners\",\"description\":\"Narter &amp; Partners\",\"publisher\":{\"@id\":\"https:\/\/www.narterlaw.com\/#organization\"},\"potentialAction\":[{\"@type\":\"SearchAction\",\"target\":{\"@type\":\"EntryPoint\",\"urlTemplate\":\"https:\/\/www.narterlaw.com\/?s={search_term_string}\"},\"query-input\":{\"@type\":\"PropertyValueSpecification\",\"valueRequired\":true,\"valueName\":\"search_term_string\"}}],\"inLanguage\":\"en-US\"},{\"@type\":\"Organization\",\"@id\":\"https:\/\/www.narterlaw.com\/#organization\",\"name\":\"narterlaw\",\"url\":\"https:\/\/www.narterlaw.com\/\",\"logo\":{\"@type\":\"ImageObject\",\"inLanguage\":\"en-US\",\"@id\":\"https:\/\/www.narterlaw.com\/#\/schema\/logo\/image\/\",\"url\":\"https:\/\/www.narterlaw.com\/wp-content\/uploads\/2020\/05\/narterpartners-logo.png\",\"contentUrl\":\"https:\/\/www.narterlaw.com\/wp-content\/uploads\/2020\/05\/narterpartners-logo.png\",\"width\":132,\"height\":50,\"caption\":\"narterlaw\"},\"image\":{\"@id\":\"https:\/\/www.narterlaw.com\/#\/schema\/logo\/image\/\"}}]}<\/script>\n<!-- \/ Yoast SEO plugin. -->","yoast_head_json":{"title":"Green Financing Hukuk Dan\u0131\u015fmanl\u0131\u011f\u0131 | Narter &amp; Partners","robots":{"index":"index","follow":"follow","max-snippet":"max-snippet:-1","max-image-preview":"max-image-preview:large","max-video-preview":"max-video-preview:-1"},"canonical":"https:\/\/www.narterlaw.com\/en\/green-financing\/","og_locale":"en_US","og_type":"article","og_title":"Green Financing Hukuk Dan\u0131\u015fmanl\u0131\u011f\u0131 | Narter &amp; Partners","og_url":"https:\/\/www.narterlaw.com\/en\/green-financing\/","og_site_name":"Narter &amp; Partners","article_modified_time":"2022-09-26T08:33:25+00:00","twitter_card":"summary_large_image","twitter_misc":{"Est. reading time":"4 minutes"},"schema":{"@context":"https:\/\/schema.org","@graph":[{"@type":"WebPage","@id":"https:\/\/www.narterlaw.com\/en\/green-financing\/","url":"https:\/\/www.narterlaw.com\/en\/green-financing\/","name":"Green Financing Hukuk Dan\u0131\u015fmanl\u0131\u011f\u0131 | Narter &amp; Partners","isPartOf":{"@id":"https:\/\/www.narterlaw.com\/#website"},"datePublished":"2022-02-24T13:10:14+00:00","dateModified":"2022-09-26T08:33:25+00:00","breadcrumb":{"@id":"https:\/\/www.narterlaw.com\/en\/green-financing\/#breadcrumb"},"inLanguage":"en-US","potentialAction":[{"@type":"ReadAction","target":["https:\/\/www.narterlaw.com\/en\/green-financing\/"]}]},{"@type":"BreadcrumbList","@id":"https:\/\/www.narterlaw.com\/en\/green-financing\/#breadcrumb","itemListElement":[{"@type":"ListItem","position":1,"name":"Anasayfa","item":"https:\/\/www.narterlaw.com\/en\/"},{"@type":"ListItem","position":2,"name":"Green Financing"}]},{"@type":"WebSite","@id":"https:\/\/www.narterlaw.com\/#website","url":"https:\/\/www.narterlaw.com\/","name":"Narter &amp; Partners","description":"Narter &amp; Partners","publisher":{"@id":"https:\/\/www.narterlaw.com\/#organization"},"potentialAction":[{"@type":"SearchAction","target":{"@type":"EntryPoint","urlTemplate":"https:\/\/www.narterlaw.com\/?s={search_term_string}"},"query-input":{"@type":"PropertyValueSpecification","valueRequired":true,"valueName":"search_term_string"}}],"inLanguage":"en-US"},{"@type":"Organization","@id":"https:\/\/www.narterlaw.com\/#organization","name":"narterlaw","url":"https:\/\/www.narterlaw.com\/","logo":{"@type":"ImageObject","inLanguage":"en-US","@id":"https:\/\/www.narterlaw.com\/#\/schema\/logo\/image\/","url":"https:\/\/www.narterlaw.com\/wp-content\/uploads\/2020\/05\/narterpartners-logo.png","contentUrl":"https:\/\/www.narterlaw.com\/wp-content\/uploads\/2020\/05\/narterpartners-logo.png","width":132,"height":50,"caption":"narterlaw"},"image":{"@id":"https:\/\/www.narterlaw.com\/#\/schema\/logo\/image\/"}}]}},"_links":{"self":[{"href":"https:\/\/www.narterlaw.com\/en\/wp-json\/wp\/v2\/pages\/2177","targetHints":{"allow":["GET"]}}],"collection":[{"href":"https:\/\/www.narterlaw.com\/en\/wp-json\/wp\/v2\/pages"}],"about":[{"href":"https:\/\/www.narterlaw.com\/en\/wp-json\/wp\/v2\/types\/page"}],"author":[{"embeddable":true,"href":"https:\/\/www.narterlaw.com\/en\/wp-json\/wp\/v2\/users\/2"}],"replies":[{"embeddable":true,"href":"https:\/\/www.narterlaw.com\/en\/wp-json\/wp\/v2\/comments?post=2177"}],"version-history":[{"count":6,"href":"https:\/\/www.narterlaw.com\/en\/wp-json\/wp\/v2\/pages\/2177\/revisions"}],"predecessor-version":[{"id":2597,"href":"https:\/\/www.narterlaw.com\/en\/wp-json\/wp\/v2\/pages\/2177\/revisions\/2597"}],"wp:attachment":[{"href":"https:\/\/www.narterlaw.com\/en\/wp-json\/wp\/v2\/media?parent=2177"}],"curies":[{"name":"wp","href":"https:\/\/api.w.org\/{rel}","templated":true}]}}